{"id":1115,"date":"2020-12-03T15:24:02","date_gmt":"2020-12-03T14:24:02","guid":{"rendered":"http:\/\/abbatia.eu\/?page_id=1115"},"modified":"2023-05-24T21:07:24","modified_gmt":"2023-05-24T19:07:24","slug":"gr-2021-explorations-pour-les-curieux-dart-contemporain-de-patrimoine-en-nouvelle-aquitaine","status":"publish","type":"page","link":"http:\/\/abbatia.eu\/index.php\/gr-2021-explorations-pour-les-curieux-dart-contemporain-de-patrimoine-en-nouvelle-aquitaine\/","title":{"rendered":"Les grands \u00e9v\u00e8nements"},"content":{"rendered":"\n<hr class=\"wp-block-separator is-style-wide\"\/>\n\n\n\n<h2 class=\"wp-block-heading\"><strong>Nuits des Abbayes 2023<\/strong><\/h2>\n\n\n\n<p><\/p>\n\n\n\n<div class=\"wp-block-media-text has-media-on-the-right is-stacked-on-mobile\" style=\"grid-template-columns:auto 31%\"><figure class=\"wp-block-media-text__media\"><img loading=\"lazy\" decoding=\"async\" width=\"683\" height=\"1024\" src=\"http:\/\/abbatia.eu\/wp-content\/uploads\/2020\/01\/\u00a9L.T.Visite-du-soir-Abbaye-Trizay-ete-2018-110-e1548865641206-683x1024.jpg\" alt=\"\" class=\"wp-image-1248 size-full\" srcset=\"http:\/\/abbatia.eu\/wp-content\/uploads\/2020\/01\/\u00a9L.T.Visite-du-soir-Abbaye-Trizay-ete-2018-110-e1548865641206-683x1024.jpg 683w, http:\/\/abbatia.eu\/wp-content\/uploads\/2020\/01\/\u00a9L.T.Visite-du-soir-Abbaye-Trizay-ete-2018-110-e1548865641206-200x300.jpg 200w, http:\/\/abbatia.eu\/wp-content\/uploads\/2020\/01\/\u00a9L.T.Visite-du-soir-Abbaye-Trizay-ete-2018-110-e1548865641206-768x1152.jpg 768w, http:\/\/abbatia.eu\/wp-content\/uploads\/2020\/01\/\u00a9L.T.Visite-du-soir-Abbaye-Trizay-ete-2018-110-e1548865641206-830x1245.jpg 830w, http:\/\/abbatia.eu\/wp-content\/uploads\/2020\/01\/\u00a9L.T.Visite-du-soir-Abbaye-Trizay-ete-2018-110-e1548865641206-230x345.jpg 230w, http:\/\/abbatia.eu\/wp-content\/uploads\/2020\/01\/\u00a9L.T.Visite-du-soir-Abbaye-Trizay-ete-2018-110-e1548865641206-350x525.jpg 350w, http:\/\/abbatia.eu\/wp-content\/uploads\/2020\/01\/\u00a9L.T.Visite-du-soir-Abbaye-Trizay-ete-2018-110-e1548865641206-480x720.jpg 480w, http:\/\/abbatia.eu\/wp-content\/uploads\/2020\/01\/\u00a9L.T.Visite-du-soir-Abbaye-Trizay-ete-2018-110-e1548865641206.jpg 1024w\" sizes=\"auto, (max-width: 683px) 100vw, 683px\" \/><\/figure><div class=\"wp-block-media-text__content\">\n<p>De juillet \u00e0 septembre, les abbayes du\u00a0r\u00e9seau\u00a0vous propose des sorties exceptionnelles avec un temps de m\u00e9diation, un spectacle tout public et un temps convivial.\u00a0\u00a0<\/p>\n\n\n\n<p>Une programmation de<mark style=\"background-color:rgba(0, 0, 0, 0);color:#ff00b7\" class=\"has-inline-color\">&nbsp;<\/mark><strong><mark style=\"background-color:rgba(0, 0, 0, 0);color:#ff00a5\" class=\"has-inline-color\">spectacles grands public<\/mark><\/strong>&nbsp;et&nbsp;<strong><mark style=\"background-color:rgba(0, 0, 0, 0);color:#f73eaa\" class=\"has-inline-color\">festifs<\/mark><\/strong>&nbsp;avec une&nbsp;<strong><mark style=\"background-color:rgba(0, 0, 0, 0);color:#ff00a5\" class=\"has-inline-color\">d\u00e9couverte \u00ab clin d\u2019oeil \u00bb<\/mark><\/strong>&nbsp;des Abbayes du r\u00e9seau&nbsp;Abbatia.<\/p>\n\n\n\n<p><\/p>\n<\/div><\/div>\n\n\n\n<hr class=\"wp-block-separator is-style-wide\"\/>\n\n\n\n<h2 class=\"wp-block-heading\"><strong>GR-2021 Expositions pour les curieux d\u2019Art contemporain &amp; de Patrimoine en Nouvelle-Aquitaine de mars \u00e0 juillet 2021<\/strong><\/h2>\n\n\n<h4><strong>7<\/strong> abbayes ont expos\u00e9 <strong>90<\/strong> \u0153uvres de la collection du FRAC Poitou-Charentes en r\u00e9sonnance avec l\u2019histoire, le paysage ou les valeurs des sites monastiques. <strong>7<\/strong> parcours \u00e9taient \u00e0 d\u00e9couvrir entre mars (ouverture effective en mai pour cause de confinement) et juillet 2021.<\/h4>\n<p><\/p>\n<p><span style=\"color: #ff0099;\"><strong>GR 2021, c\u2019est :<\/strong><\/span><\/p>\n<p><strong>. La rencontre&nbsp;<\/strong>de lieux de patrimoine s\u00e9culaires que sont les abbayes de Nouvelle-Aquitaine r\u00e9unies au sein du r\u00e9seau Abbatia et des collections du FRAC Poitou-Charentes dont la mission principale est de constituer et rendre accessible une collection publique d\u2019art contemporain,<\/p>\n<p><strong>. un dialogue<\/strong>&nbsp;propos\u00e9 entre l\u2019\u00e2me de lieux charg\u00e9s d\u2019histoire avec l\u2019art et la cr\u00e9ation contemporaine,<\/p>\n<p>.&nbsp;<strong>un nouveau regard<\/strong>&nbsp;sur les monuments et une nouvelle r\u00e9sonnance pour les \u0153uvres d\u2019art contemporain,<\/p>\n<p>.&nbsp;<strong>suivre un fil d\u2019Ariane<\/strong>&nbsp;qui appartient \u00e0 chaque lieu pour y d\u00e9couvrir &nbsp;un parcours artistique \u00e0 chaque fois renouvel\u00e9,<\/p>\n<p><strong>. une invitation<\/strong>&nbsp;\u00e0 un voyage int\u00e9rieur in\u00e9dit\u2026<\/p>\n<p><span style=\"color: #ff00ae;\"><strong><em>En savoir plus sur cette exposition :<\/em><\/strong><\/span><\/p>\n<p><strong>reportage sur France 3 Poitou-Charentes<\/strong> :&nbsp;<\/p>\n<p><iframe loading=\"lazy\" title=\"Exposition d&#039;art contemporain dans sept abbayes de Poitou-Charentes\" width=\"1170\" height=\"658\" src=\"https:\/\/www.youtube.com\/embed\/yuZkbDpH2N8?feature=oembed\" frameborder=\"0\" allow=\"accelerometer; autoplay; clipboard-write; encrypted-media; gyroscope; picture-in-picture\" allowfullscreen><\/iframe><\/p>\n<p><strong>reportage \/ Interview sur RCF 17 :&nbsp;<\/strong><\/p>\n<p><a href=\"https:\/\/rcf.fr\/actualite\/environnement\/veronique-bergonzoni-abbaye-de-trizay-expo-gr-2021\">https:\/\/rcf.fr\/actualite\/environnement\/veronique-bergonzoni-abbaye-de-trizay-expo-gr-2021<\/a><\/p>\n<p>ou sur&nbsp; <a href=\"https:\/\/www.facebook.com\/RCFCharenteMaritime\/posts\/2248334958631936\">https:\/\/www.facebook.com\/RCFCharenteMaritime\/posts\/2248334958631936<\/a><\/p>\n\n\n<div class=\"wp-block-image\"><figure class=\"alignleft size-large is-resized\"><img loading=\"lazy\" decoding=\"async\" src=\"http:\/\/abbatia.eu\/wp-content\/uploads\/2020\/12\/GR2021-AFFICHE-GENERALE-724x1024.jpg\" alt=\"affiche GR2021\" class=\"wp-image-1148\" width=\"457\" height=\"647\" srcset=\"http:\/\/abbatia.eu\/wp-content\/uploads\/2020\/12\/GR2021-AFFICHE-GENERALE-724x1024.jpg 724w, http:\/\/abbatia.eu\/wp-content\/uploads\/2020\/12\/GR2021-AFFICHE-GENERALE-212x300.jpg 212w, http:\/\/abbatia.eu\/wp-content\/uploads\/2020\/12\/GR2021-AFFICHE-GENERALE-768x1086.jpg 768w, http:\/\/abbatia.eu\/wp-content\/uploads\/2020\/12\/GR2021-AFFICHE-GENERALE-1086x1536.jpg 1086w, http:\/\/abbatia.eu\/wp-content\/uploads\/2020\/12\/GR2021-AFFICHE-GENERALE-1448x2048.jpg 1448w, http:\/\/abbatia.eu\/wp-content\/uploads\/2020\/12\/GR2021-AFFICHE-GENERALE-830x1174.jpg 830w, http:\/\/abbatia.eu\/wp-content\/uploads\/2020\/12\/GR2021-AFFICHE-GENERALE-230x325.jpg 230w, http:\/\/abbatia.eu\/wp-content\/uploads\/2020\/12\/GR2021-AFFICHE-GENERALE-350x495.jpg 350w, http:\/\/abbatia.eu\/wp-content\/uploads\/2020\/12\/GR2021-AFFICHE-GENERALE-480x679.jpg 480w, http:\/\/abbatia.eu\/wp-content\/uploads\/2020\/12\/GR2021-AFFICHE-GENERALE-scaled.jpg 1810w\" sizes=\"auto, (max-width: 457px) 100vw, 457px\" \/><figcaption>affiche GR 2021<\/figcaption><\/figure><\/div>\n\n\n\n<p><\/p>\n\n\n\n<figure class=\"wp-block-image size-large is-resized\"><img loading=\"lazy\" decoding=\"async\" src=\"http:\/\/abbatia.eu\/wp-content\/uploads\/2021\/03\/GR2021TRIZAY_Michel-Blazy-1024x727.jpg\" alt=\"\" class=\"wp-image-1205\" width=\"577\" height=\"408\" srcset=\"http:\/\/abbatia.eu\/wp-content\/uploads\/2021\/03\/GR2021TRIZAY_Michel-Blazy-300x213.jpg 300w, http:\/\/abbatia.eu\/wp-content\/uploads\/2021\/03\/GR2021TRIZAY_Michel-Blazy-768x545.jpg 768w, http:\/\/abbatia.eu\/wp-content\/uploads\/2021\/03\/GR2021TRIZAY_Michel-Blazy-1536x1090.jpg 1536w, http:\/\/abbatia.eu\/wp-content\/uploads\/2021\/03\/GR2021TRIZAY_Michel-Blazy-2048x1453.jpg 2048w, http:\/\/abbatia.eu\/wp-content\/uploads\/2021\/03\/GR2021TRIZAY_Michel-Blazy-830x589.jpg 830w, http:\/\/abbatia.eu\/wp-content\/uploads\/2021\/03\/GR2021TRIZAY_Michel-Blazy-230x163.jpg 230w, http:\/\/abbatia.eu\/wp-content\/uploads\/2021\/03\/GR2021TRIZAY_Michel-Blazy-350x248.jpg 350w\" sizes=\"auto, (max-width: 577px) 100vw, 577px\" \/><figcaption>A Trizay, Michel Blazy<\/figcaption><\/figure>\n\n\n\n<figure class=\"wp-block-image size-large is-resized\"><img loading=\"lazy\" decoding=\"async\" src=\"http:\/\/abbatia.eu\/wp-content\/uploads\/2021\/03\/GR2021_St-Savin_Anna-Baumgart_Weronika-AP-1024x726.jpg\" alt=\"\" class=\"wp-image-1206\" width=\"570\" height=\"404\" srcset=\"http:\/\/abbatia.eu\/wp-content\/uploads\/2021\/03\/GR2021_St-Savin_Anna-Baumgart_Weronika-AP-1024x726.jpg 1024w, http:\/\/abbatia.eu\/wp-content\/uploads\/2021\/03\/GR2021_St-Savin_Anna-Baumgart_Weronika-AP-300x213.jpg 300w, http:\/\/abbatia.eu\/wp-content\/uploads\/2021\/03\/GR2021_St-Savin_Anna-Baumgart_Weronika-AP-768x545.jpg 768w, http:\/\/abbatia.eu\/wp-content\/uploads\/2021\/03\/GR2021_St-Savin_Anna-Baumgart_Weronika-AP-1536x1090.jpg 1536w, http:\/\/abbatia.eu\/wp-content\/uploads\/2021\/03\/GR2021_St-Savin_Anna-Baumgart_Weronika-AP-2048x1453.jpg 2048w, http:\/\/abbatia.eu\/wp-content\/uploads\/2021\/03\/GR2021_St-Savin_Anna-Baumgart_Weronika-AP-830x589.jpg 830w, http:\/\/abbatia.eu\/wp-content\/uploads\/2021\/03\/GR2021_St-Savin_Anna-Baumgart_Weronika-AP-230x163.jpg 230w, http:\/\/abbatia.eu\/wp-content\/uploads\/2021\/03\/GR2021_St-Savin_Anna-Baumgart_Weronika-AP-350x248.jpg 350w, http:\/\/abbatia.eu\/wp-content\/uploads\/2021\/03\/GR2021_St-Savin_Anna-Baumgart_Weronika-AP-480x341.jpg 480w\" sizes=\"auto, (max-width: 570px) 100vw, 570px\" \/><figcaption>A Savin, Anna Baumgart <em>Weronika<\/em><\/figcaption><\/figure>\n\n\n\n<p><\/p>\n","protected":false},"excerpt":{"rendered":"<p>Nuits des Abbayes 2023 De juillet \u00e0 septembre, les abbayes du\u00a0r\u00e9seau\u00a0vous propose [&hellip;]<\/p>\n","protected":false},"author":1,"featured_media":0,"parent":0,"menu_order":0,"comment_status":"closed","ping_status":"closed","template":"","meta":{"footnotes":""},"class_list":["post-1115","page","type-page","status-publish","hentry"],"_links":{"self":[{"href":"http:\/\/abbatia.eu\/index.php\/wp-json\/wp\/v2\/pages\/1115","targetHints":{"allow":["GET"]}}],"collection":[{"href":"http:\/\/abbatia.eu\/index.php\/wp-json\/wp\/v2\/pages"}],"about":[{"href":"http:\/\/abbatia.eu\/index.php\/wp-json\/wp\/v2\/types\/page"}],"author":[{"embeddable":true,"href":"http:\/\/abbatia.eu\/index.php\/wp-json\/wp\/v2\/users\/1"}],"replies":[{"embeddable":true,"href":"http:\/\/abbatia.eu\/index.php\/wp-json\/wp\/v2\/comments?post=1115"}],"version-history":[{"count":14,"href":"http:\/\/abbatia.eu\/index.php\/wp-json\/wp\/v2\/pages\/1115\/revisions"}],"predecessor-version":[{"id":1636,"href":"http:\/\/abbatia.eu\/index.php\/wp-json\/wp\/v2\/pages\/1115\/revisions\/1636"}],"wp:attachment":[{"href":"http:\/\/abbatia.eu\/index.php\/wp-json\/wp\/v2\/media?parent=1115"}],"curies":[{"name":"wp","href":"https:\/\/api.w.org\/{rel}","templated":true}]}}