{"id":116,"date":"2016-10-12T15:51:42","date_gmt":"2016-10-12T13:51:42","guid":{"rendered":"http:\/\/abbatia.eu\/?page_id=116"},"modified":"2022-04-21T10:50:48","modified_gmt":"2022-04-21T08:50:48","slug":"recherches-scientifiques","status":"publish","type":"page","link":"http:\/\/abbatia.eu\/index.php\/recherches-scientifiques\/","title":{"rendered":"Recherches scientifiques"},"content":{"rendered":"<div class=\"page\" title=\"Page 3\">\n<div class=\"layoutArea\">\n<div class=\"column\">\n<h3><span style=\"color: #fa0a8a;\">PROGRAMME DE RECHERCHE <em>MONASTICON AQUITANIAE<\/em><i>\u00a0<\/i><\/span>AVEC LES UNIVERSIT\u00c9S DE BORDEAUX MONTAIGNE, POITIERS &amp; LIMOGES<\/h3>\n<\/div>\n<p><img loading=\"lazy\" decoding=\"async\" class=\"size-medium wp-image-774 aligncenter\" src=\"http:\/\/abbatia.eu\/wp-content\/uploads\/2017\/12\/LOGO-M-A-10x10-300x300.png\" alt=\"\" width=\"300\" height=\"300\" srcset=\"http:\/\/abbatia.eu\/wp-content\/uploads\/2017\/12\/LOGO-M-A-10x10-300x300.png 300w, http:\/\/abbatia.eu\/wp-content\/uploads\/2017\/12\/LOGO-M-A-10x10-150x150.png 150w, http:\/\/abbatia.eu\/wp-content\/uploads\/2017\/12\/LOGO-M-A-10x10-230x230.png 230w, http:\/\/abbatia.eu\/wp-content\/uploads\/2017\/12\/LOGO-M-A-10x10-350x350.png 350w, http:\/\/abbatia.eu\/wp-content\/uploads\/2017\/12\/LOGO-M-A-10x10-480x480.png 480w, http:\/\/abbatia.eu\/wp-content\/uploads\/2017\/12\/LOGO-M-A-10x10.png 591w\" sizes=\"auto, (max-width: 300px) 100vw, 300px\" \/><\/p>\n<div class=\"column\">\n<div class=\"page\" title=\"Page 3\">\n<div class=\"layoutArea\">\n<div class=\"column\">\n<p style=\"text-align: justify;\"><span style=\"color: #fa0a8a;\">L<\/span>es \u00e9quipes de chaque site, au sein du r\u00e9seau, ont \u00e0 c\u0153ur d\u2019offrir au public des connaissances renouvel\u00e9es sur leur monument et sur la vie monastique au cours de l\u2019Histoire. L\u2019apport de la recherche scientifique est donc fondamental pour enrichir les politiques de m\u00e9diation au sein du r\u00e9seau.<\/p>\n<p style=\"text-align: justify;\"><span style=\"color: #fa0a8a;\">E<\/span>n parall\u00e8le, les universit\u00e9s, soucieuses de valorisation de la recherche, souhaitent s\u2019appuyer sur l\u2019opportunit\u00e9 du r\u00e9seau Abbatia pour construire un programme de recherche pluriannuel afin d\u2019approfondir la connaissance du monde monastique m\u00e9di\u00e9val dans l\u2019ancienne Aquitaine.<\/p>\n<p style=\"text-align: justify;\"><span style=\"color: #fa0a8a;\">L<\/span>e partenariat entre Abbatia et les universit\u00e9s a pris forme depuis 2015 par les Rencontres m\u00e9di\u00e9vales de Trizay, rassemblant historiens, historiens de l\u2019art, arch\u00e9ologues et architectes, sous la coordination scientifique de Christian\u00a0<span style=\"color: #fa0a8a;\">G<\/span>ensbeitel, maitre de conf\u00e9rences en histoire de l\u2019art du Moyen Age \u00e0 Bordeaux Montaigne, offrant ainsi au grand public des regards crois\u00e9s et pluriels sur la connaissance des monast\u00e8res et de leur histoire.<\/p>\n<\/div>\n<div class=\"column\">\n<p style=\"text-align: justify;\"><span style=\"color: #fa0a8a;\">E<\/span>n 2016 s\u2019amorce la constitution d\u2019un groupe de recherche, rassemblant les universitaires de Bordeaux, Poitiers et Limoges et les services du Minist\u00e8re de la Culture, en lien avec le programme ANR COLEMON (Coll\u00e8ges canoniaux et monast\u00e8res de la r\u00e9forme carolingienne au Concile de Trente) et dans le prolongement d\u2019un Programme collectif de recherche men\u00e9s sur les implantations monastiques en pays charentais de 2001 \u00e0 2008 (C\u00e9cile Treffort, \u00c9ric Normand).<\/p>\n<p style=\"text-align: justify;\"><span style=\"color: #fa0a8a;\">P<\/span>lusieurs laboratoires de recherche sont ainsi mobilis\u00e9s : UMR 5060 IRAMAT-CRP2A, UMR 7302 CESCM, UMR 5607 Ausonius, EA 4270 CRIHAM.<\/p>\n<\/div>\n<\/div>\n<\/div>\n<\/div>\n<\/div>\n<div class=\"layoutArea\">\n<div class=\"column\">\n<div class=\"page\" title=\"Page 3\">\n<p><span style=\"color: #fa0a8a;\"><b>Programme de recherche Monasticon Aquitaniae<\/b><\/span><\/p>\n<p><b>En 2017, se formalise le projet <i>\u00ab\u00a0Monasticon Aquitaniae\u00a0\u00bb\u00a0<\/i><\/b><\/p>\n<p><span style=\"color: #fa0a8a;\">C<\/span>e projet transversal se d\u00e9veloppe \u00e0 l\u2019\u00e9chelle de la Nouvelle Aquitaine, autour des monast\u00e8res m\u00e9di\u00e9vaux consid\u00e9r\u00e9s sous l\u2019angle de l\u2019\u00e9tude monumentale et arch\u00e9ologique, sans restriction de p\u00e9riode, afin d\u2019analyser la constitution et les transformations du paysage architectural monastique. Le projet se veut un compl\u00e9ment \u00e0 l\u2019approche historique et \u00e0 l\u2019\u00e9dition des sources entreprises dans le cadre de la Chaire r\u00e9gionale d\u2019Histoire monastique de C\u00e9cile Treffort, et en lien avec la mise en place de la base COL\u00e9MON, sans toutefois prolonger directement ni empi\u00e9ter sur ces deux programmes.<\/p>\n<p><span style=\"color: #fa0a8a;\">C<\/span>e programme de recherche est coordonn\u00e9 par Christian GENSBEITEL.<\/p>\n<p><span style=\"color: #fa0a8a;\">L<\/span>e partenariat avec le r\u00e9seau Abbatia aboutira \u00e0\u00a0:<\/p>\n<ul>\n<li>Une restitution finale par une exposition itin\u00e9rante dans le r\u00e9seau en lien avec une publication de synth\u00e8se<\/li>\n<li>Des formations des agents avec des apports de connaissances et sur la m\u00e9thodologie de pr\u00e9sentation dynamique et actualis\u00e9e des sites<\/li>\n<li>Une formule de conf\u00e9rences estampill\u00e9es \u00ab\u00a0Abbatia\u00a0\u00bb<\/li>\n<li>Un relais et un appui direct de la part des sites du r\u00e9seau pour les chercheurs (accueil, mise \u00e0 disposition de salles de r\u00e9union, diffusion en intranet des comptes-rendus de r\u00e9unions)<\/li>\n<li>Des r\u00e9unions annuelles rassemblant toutes les \u00e9quipes et personnels d\u2019Abbatia pour les informer des avanc\u00e9es de la recherche<\/li>\n<\/ul>\n<\/div>\n<\/div>\n<\/div>\n<\/div>\n<figure id=\"attachment_505\" aria-describedby=\"caption-attachment-505\" style=\"width: 624px\" class=\"wp-caption aligncenter\"><img loading=\"lazy\" decoding=\"async\" class=\"wp-image-505 \" src=\"http:\/\/abbatia.eu\/wp-content\/uploads\/2016\/10\/cl-A-Vignet-Commune-de-St-Amant-de-Boixe-1024x768.jpg\" alt=\"\" width=\"624\" height=\"468\" srcset=\"http:\/\/abbatia.eu\/wp-content\/uploads\/2016\/10\/cl-A-Vignet-Commune-de-St-Amant-de-Boixe-1024x768.jpg 1024w, http:\/\/abbatia.eu\/wp-content\/uploads\/2016\/10\/cl-A-Vignet-Commune-de-St-Amant-de-Boixe-300x225.jpg 300w, http:\/\/abbatia.eu\/wp-content\/uploads\/2016\/10\/cl-A-Vignet-Commune-de-St-Amant-de-Boixe-768x576.jpg 768w, http:\/\/abbatia.eu\/wp-content\/uploads\/2016\/10\/cl-A-Vignet-Commune-de-St-Amant-de-Boixe-830x623.jpg 830w, http:\/\/abbatia.eu\/wp-content\/uploads\/2016\/10\/cl-A-Vignet-Commune-de-St-Amant-de-Boixe-230x173.jpg 230w, http:\/\/abbatia.eu\/wp-content\/uploads\/2016\/10\/cl-A-Vignet-Commune-de-St-Amant-de-Boixe-350x263.jpg 350w, http:\/\/abbatia.eu\/wp-content\/uploads\/2016\/10\/cl-A-Vignet-Commune-de-St-Amant-de-Boixe-480x360.jpg 480w\" sizes=\"auto, (max-width: 624px) 100vw, 624px\" \/><figcaption id=\"caption-attachment-505\" class=\"wp-caption-text\">\u00a9 a.vignet, commune de Saint-Amant-de-Boixe<\/figcaption><\/figure>\n<div class=\"page\" title=\"Page 3\">\n<div class=\"layoutArea\">\n<div class=\"column\">\n<div class=\"page\" title=\"Page 3\">\n<div class=\"layoutArea\">\n<div class=\"column\"><\/div>\n<\/div>\n<\/div>\n<\/div>\n<\/div>\n<\/div>\n","protected":false},"excerpt":{"rendered":"<p>PROGRAMME DE RECHERCHE MONASTICON AQUITANIAE\u00a0AVEC LES UNIVERSIT\u00c9S DE BORDEAUX MONTAIGNE, POITIERS &amp; [&hellip;]<\/p>\n","protected":false},"author":1,"featured_media":0,"parent":0,"menu_order":0,"comment_status":"closed","ping_status":"closed","template":"","meta":{"footnotes":""},"class_list":["post-116","page","type-page","status-publish","hentry"],"_links":{"self":[{"href":"http:\/\/abbatia.eu\/index.php\/wp-json\/wp\/v2\/pages\/116","targetHints":{"allow":["GET"]}}],"collection":[{"href":"http:\/\/abbatia.eu\/index.php\/wp-json\/wp\/v2\/pages"}],"about":[{"href":"http:\/\/abbatia.eu\/index.php\/wp-json\/wp\/v2\/types\/page"}],"author":[{"embeddable":true,"href":"http:\/\/abbatia.eu\/index.php\/wp-json\/wp\/v2\/users\/1"}],"replies":[{"embeddable":true,"href":"http:\/\/abbatia.eu\/index.php\/wp-json\/wp\/v2\/comments?post=116"}],"version-history":[{"count":8,"href":"http:\/\/abbatia.eu\/index.php\/wp-json\/wp\/v2\/pages\/116\/revisions"}],"predecessor-version":[{"id":1363,"href":"http:\/\/abbatia.eu\/index.php\/wp-json\/wp\/v2\/pages\/116\/revisions\/1363"}],"wp:attachment":[{"href":"http:\/\/abbatia.eu\/index.php\/wp-json\/wp\/v2\/media?parent=116"}],"curies":[{"name":"wp","href":"https:\/\/api.w.org\/{rel}","templated":true}]}}