{"id":1261,"date":"2022-04-12T12:07:49","date_gmt":"2022-04-12T10:07:49","guid":{"rendered":"http:\/\/abbatia.eu\/?page_id=1261"},"modified":"2024-04-15T14:55:47","modified_gmt":"2024-04-15T12:55:47","slug":"observatoire-economique-des-lieux-de-patrimoine-en-nouvelle-aquitaine","status":"publish","type":"page","link":"http:\/\/abbatia.eu\/index.php\/observatoire-economique-des-lieux-de-patrimoine-en-nouvelle-aquitaine\/","title":{"rendered":"Observatoire \u00e9conomique des lieux de patrimoine en Nouvelle-Aquitaine"},"content":{"rendered":"<p><span style=\"color: #444444;\"><span style=\"font-family: Raleway;\"><span style=\"font-size: medium;\">Les r\u00e9seaux du patrimoine en Nouvelle-Aquitaine &#8211;\u00a0<b>le r\u00e9seau Abbatia, la Route Historique des Tr\u00e9sors de Saintonge et d\u2019Aunis, les d\u00e9l\u00e9gations r\u00e9gionales de la Demeure Historique\u00a0<\/b>&#8211; se sont associ\u00e9s dans une d\u00e9marche commune de reconnaissance du rayonnement et du poids \u00e9conomique qu\u2019ils repr\u00e9sentent au travers d\u2019une enqu\u00eate aupr\u00e8s de leurs adh\u00e9rents ouverts au public.\u00a0 \u00a0 \u00a0 \u00a0<\/span><\/span><\/span><\/p>\n<p><span style=\"color: #444444;\">\u00a0<span style=\"font-family: Raleway;\"><span style=\"font-size: medium;\">Cette deuxi\u00e8me enqu\u00eate vise \u00e0 fournir quelques chiffres cl\u00e9s, qui ne sont pas formellement \u00e9tablis \u00e0 ce jour, pour t\u00e9moigner de l&rsquo;activit\u00e9 et de l\u2019impact \u00e9conomique de nos sites sur les territoires de Nouvelle-Aquitaine. <\/span><\/span><\/span><\/p>\n<p><span style=\"color: #444444;\"><span style=\"font-family: Raleway;\"><span style=\"font-size: medium;\">Vous trouverez ci-apr\u00e8s les chiffres de l&rsquo;enqu\u00eate correspondant \u00e0 l&rsquo;ann\u00e9e 2022 et finalis\u00e9e en 2023. Pour ce qui est de la premi\u00e8re enqu\u00eate de 2019 vous la retrouverez en bas de cette page.<\/span><\/span><\/span><\/p>\n<hr \/>\n<p align=\"CENTER\"><span style=\"color: #ff00ae;\"><u>\u00a0<span style=\"font-family: Raleway;\"><span style=\"font-size: medium;\"><b>Quelques chiffres cl\u00e9s sur 86 sites historiques de Nouvelle-Aquitaine ouverts au public \u00e0 entr\u00e9es payantes<\/b> <\/span><\/span><\/u><\/span><\/p>\n<p><span style=\"color: #444444;\">\u00a0\u25ba\u00a0<\/span><span style=\"color: #444444;\"><span style=\"font-family: Raleway;\"><span style=\"font-size: medium;\"><b>942 000 visiteurs<\/b><\/span><\/span><\/span><span style=\"color: #444444;\"><span style=\"font-family: Raleway;\"><span style=\"font-size: medium;\"> re\u00e7us en 2022 sur <strong>8<\/strong><\/span><\/span><\/span><strong><span style=\"color: #444444;\"><span style=\"font-family: Raleway;\"><span style=\"font-size: medium;\">6<\/span><\/span><\/span><\/strong><span style=\"color: #444444;\"><span style=\"font-family: Raleway;\"><span style=\"font-size: medium;\"> sites<\/span><\/span><\/span><\/p>\n<p><span style=\"color: #444444;\"><span style=\"font-family: Raleway;\"><span style=\"font-size: medium;\"><u>Dont<\/u><\/span><\/span><\/span><span style=\"color: #444444;\"><span style=\"font-family: Raleway;\"><span style=\"font-size: medium;\"> plus de <\/span><\/span><\/span><strong><span style=\"color: #444444;\"><span style=\"font-family: Raleway;\"><span style=\"font-size: medium;\">49 000 scolaires<\/span><\/span><\/span><\/strong><span style=\"color: #444444;\"><span style=\"font-family: Raleway;\"><span style=\"font-size: medium;\"> Et pr\u00e8s de <\/span><\/span><\/span><strong><span style=\"color: #444444;\"><span style=\"font-family: Raleway;\"><span style=\"font-size: medium;\">127 000 entr\u00e9es gratuites<\/span><\/span><\/span><\/strong><\/p>\n<p><span style=\"color: #444444;\">\u00a0\u25ba <\/span><span style=\"font-family: Raleway;\"><span style=\"font-size: medium;\"><span style=\"color: #444444;\"><b>404 salari\u00e9s <\/b><\/span><span style=\"color: #444444;\">dont <\/span><span style=\"color: #444444;\"><b>54 % <\/b><\/span><span style=\"color: #444444;\">des emplois sont\u00a0<\/span><span style=\"color: #444444;\"><b>des emplois permanents.<\/b><\/span><\/span><\/span><\/p>\n<p><span style=\"color: #444444;\">\u00a0\u25ba <\/span><span style=\"font-family: Raleway;\"><span style=\"font-size: medium;\"><span style=\"color: #444444;\"><b>60 % des sites sont ouverts plus de 7 mois de l\u2019ann\u00e9e\u00a0<\/b><\/span><\/span><\/span><span style=\"font-family: Raleway;\"><span style=\"font-size: medium;\"><span style=\"color: #444444;\">et pr\u00e8s de\u00a0<\/span><\/span><\/span><span style=\"font-family: Raleway;\"><span style=\"font-size: medium;\"><span style=\"color: #444444;\"><strong>75% sont ouverts plus de 5 mois de l&rsquo;ann\u00e9e.<\/strong><\/span><\/span><\/span><\/p>\n<p><span style=\"color: #444444;\">\u00a0\u25ba <span style=\"font-family: Raleway;\"><span style=\"font-size: medium;\"><b>30 % des sites<\/b>\u00a0ont un chiffre d\u2019affaires annuel\u00a0<b>au-del\u00e0 de 50 000 \u20ac<\/b><\/span><\/span><\/span><\/p>\n<p><span style=\"color: #444444;\">\u00a0\u25ba <\/span><span style=\"font-family: Raleway;\"><span style=\"font-size: medium;\"><span style=\"color: #444444;\"><b>2 808 394 \u20ac de budget travaux annuels d&rsquo;entretien<\/b><\/span><\/span><\/span><\/p>\n<p><span style=\"color: #444444;\">\u00a0\u25ba <span style=\"font-family: Raleway;\"><span style=\"font-size: medium;\"><b>12 952 561 \u20ac de budget de travaux de restauration<\/b><\/span><\/span><\/span><\/p>\n<hr \/>\n<p align=\"CENTER\"><span style=\"color: #ff00ae;\"><span style=\"font-family: Raleway;\"><span style=\"font-size: medium;\"><u><b>Le r\u00e9seau Abbatia, en quelques chiffres\u2026 <\/b><\/u><\/span><\/span><\/span><\/p>\n<ul type=\"DISC\">\n<li><strong><span style=\"color: #444444;\"><span style=\"font-family: Raleway;\"><span style=\"font-size: medium;\">1<\/span><\/span><\/span><\/strong><span style=\"color: #444444;\"><span style=\"font-family: Raleway;\"><span style=\"font-size: medium;\"> association loi 1901 constitu\u00e9e en mai 2015<\/span><\/span><\/span><\/li>\n<li><strong><span style=\"color: #444444;\"><span style=\"font-family: Raleway;\"><span style=\"font-size: medium;\">14<\/span><\/span><\/span><\/strong><span style=\"color: #444444;\"><span style=\"font-family: Raleway;\"><span style=\"font-size: medium;\"> abbayes en Nouvelle-Aquitaine dont 12 sites avec entr\u00e9es payantes<\/span><\/span><\/span><\/li>\n<li><strong><span style=\"color: #444444;\"><span style=\"font-family: Raleway;\"><span style=\"font-size: medium;\">1<\/span><\/span><\/span><\/strong><span style=\"color: #444444;\"><span style=\"font-family: Raleway;\"><span style=\"font-size: medium;\"> label UNESCO,<\/span><\/span><\/span><strong><span style=\"color: #444444;\"><span style=\"font-family: Raleway;\"><span style=\"font-size: medium;\"> 1<\/span><\/span><\/span><\/strong><span style=\"color: #444444;\"><span style=\"font-family: Raleway;\"><span style=\"font-size: medium;\"> Centre Culturel de Rencontre, <\/span><\/span><\/span><strong><span style=\"color: #444444;\"><span style=\"font-family: Raleway;\"><span style=\"font-size: medium;\">3<\/span><\/span><\/span><\/strong><span style=\"color: #444444;\"><span style=\"font-family: Raleway;\"><span style=\"font-size: medium;\"> labels \u00ab\u00a0Qualit\u00e9 Tourisme\u00a0\u00bb<\/span><\/span><\/span><\/li>\n<li><span style=\"color: #444444;\"><span style=\"font-family: Raleway;\"><span style=\"font-size: medium;\"><b>103\u00a0210 visiteurs payants\u00a0<\/b><\/span><\/span><\/span><span style=\"color: #444444;\"><span style=\"font-family: Raleway;\"><span style=\"font-size: medium;\">dont <\/span><\/span><\/span><strong><span style=\"color: #444444;\"><span style=\"font-family: Raleway;\"><span style=\"font-size: medium;\">11\u00a0511 scolaires<\/span><\/span><\/span><\/strong><span style=\"color: #444444;\"><span style=\"font-family: Raleway;\"><span style=\"font-size: medium;\"> et <\/span><\/span><\/span><strong><span style=\"color: #444444;\"><span style=\"font-family: Raleway;\"><span style=\"font-size: medium;\">38\u00a0493 entr\u00e9es gratuites<\/span><\/span><\/span><\/strong><\/li>\n<li><strong><span style=\"color: #444444;\"><span style=\"font-family: Raleway;\"><span style=\"font-size: medium;\">139<\/span><\/span><\/span><\/strong><span style=\"color: #444444;\"><span style=\"font-family: Raleway;\"><span style=\"font-size: medium;\"> \u00e9v\u00e9nements (concerts, expositions\u2026) organis\u00e9s en 2019<\/span><\/span><\/span><\/li>\n<li><span style=\"font-family: Raleway;\"><span style=\"font-size: medium;\"><span style=\"color: #444444;\"><b>14 abbayes ouvertes plus de 7 mois de l\u2019ann\u00e9e\u00a0<\/b><\/span><span style=\"color: #444444;\">dont 6 sont ouvertes 10 mois et plus\/an<\/span> <\/span><\/span><\/li>\n<li><span style=\"color: #444444;\"><span style=\"font-family: Raleway;\"><span style=\"font-size: medium;\"><b>60 emplois permanents<\/b><\/span><\/span><\/span><span style=\"color: #444444;\"><span style=\"font-family: Raleway;\"><span style=\"font-size: medium;\">\/ <\/span><\/span><\/span><strong><span style=\"color: #444444;\"><span style=\"font-family: Raleway;\"><span style=\"font-size: medium;\">56.98<\/span><\/span><\/span><\/strong><span style=\"color: #444444;\"><span style=\"font-family: Raleway;\"><span style=\"font-size: medium;\"> ETP et <\/span><\/span><\/span><strong><span style=\"color: #444444;\"><span style=\"font-family: Raleway;\"><span style=\"font-size: medium;\">16<\/span><\/span><\/span><\/strong><span style=\"color: #444444;\"><span style=\"font-family: Raleway;\"><span style=\"font-size: medium;\"> contrats saisonniers<\/span><\/span><\/span><\/li>\n<\/ul>\n<hr \/>\n<h6><span style=\"color: #ff00b7;\"><span style=\"color: #000000;\">Pour plus de d\u00e9tails :<\/span><\/span><\/h6>\n<p>\u2022 <a id=\"wp-block-file--media-e5fc000b-7fc4-450d-aaa6-8a508b1f83db\" href=\"http:\/\/abbatia.eu\/wp-content\/uploads\/2024\/04\/Synthese-Nouvelle-Aquitaine-2023-observztoire-economique.pdf\">Synth\u00e8se Nouvelle Aquitaine 2023 observatoire \u00e9conomique<\/a><\/p>\n<p><\/p>\n<p>\u2022 <a id=\"wp-block-file--media-2c4d1f21-a473-4995-a05b-51d3e76df8db\" href=\"http:\/\/abbatia.eu\/wp-content\/uploads\/2024\/04\/Observatoire-economique-2023.pdf\">Observatoire \u00e9conomique 2023 des lieux patrimoniaux en Nouvelle Aquitaine<\/a><\/p>\n<p><\/p>\n<p>\u2022 <a href=\"http:\/\/abbatia.eu\/wp-content\/uploads\/2022\/04\/fiche-de-synthese-Nouvelle-Aquitaine.pdf\">Fiche de synth\u00e8se Nouvelle-Aquitaine<\/a><\/p>\n<p>\u2022 <a href=\"http:\/\/abbatia.eu\/wp-content\/uploads\/2022\/04\/resultats-2020-observatoire-eco-des-lieux-patrimoniaux-en-Nouvelle-Aquitaine.pdf\">R\u00e9sultats observatoire \u00e9conomique 2020 des lieux patrimoniaux en Nouvelle Aquitaine<\/a><\/p>\n\n\n<p><\/p>\n","protected":false},"excerpt":{"rendered":"<p>Les r\u00e9seaux du patrimoine en Nouvelle-Aquitaine &#8211;\u00a0le r\u00e9seau Abbatia, la Route Historique [&hellip;]<\/p>\n","protected":false},"author":1,"featured_media":0,"parent":0,"menu_order":0,"comment_status":"closed","ping_status":"closed","template":"","meta":{"footnotes":""},"class_list":["post-1261","page","type-page","status-publish","hentry"],"_links":{"self":[{"href":"http:\/\/abbatia.eu\/index.php\/wp-json\/wp\/v2\/pages\/1261","targetHints":{"allow":["GET"]}}],"collection":[{"href":"http:\/\/abbatia.eu\/index.php\/wp-json\/wp\/v2\/pages"}],"about":[{"href":"http:\/\/abbatia.eu\/index.php\/wp-json\/wp\/v2\/types\/page"}],"author":[{"embeddable":true,"href":"http:\/\/abbatia.eu\/index.php\/wp-json\/wp\/v2\/users\/1"}],"replies":[{"embeddable":true,"href":"http:\/\/abbatia.eu\/index.php\/wp-json\/wp\/v2\/comments?post=1261"}],"version-history":[{"count":5,"href":"http:\/\/abbatia.eu\/index.php\/wp-json\/wp\/v2\/pages\/1261\/revisions"}],"predecessor-version":[{"id":1697,"href":"http:\/\/abbatia.eu\/index.php\/wp-json\/wp\/v2\/pages\/1261\/revisions\/1697"}],"wp:attachment":[{"href":"http:\/\/abbatia.eu\/index.php\/wp-json\/wp\/v2\/media?parent=1261"}],"curies":[{"name":"wp","href":"https:\/\/api.w.org\/{rel}","templated":true}]}}