{"id":17,"date":"2016-10-12T09:48:17","date_gmt":"2016-10-12T07:48:17","guid":{"rendered":"http:\/\/abbatia.eu\/?page_id=17"},"modified":"2016-12-06T11:45:58","modified_gmt":"2016-12-06T10:45:58","slug":"le-reseau","status":"publish","type":"page","link":"http:\/\/abbatia.eu\/index.php\/le-reseau\/","title":{"rendered":"Le R\u00e9seau"},"content":{"rendered":"<div class=\"page\" title=\"Page 2\">\n<div class=\"layoutArea\">\n<div class=\"column\">\n<h3><span style=\"color: #fa0a8a;\">EXP\u00c9RIMENTER<\/span> DE NOUVELLES ID\u00c9ES<\/h3>\n<div class=\"page\" title=\"Page 2\">\n<div class=\"layoutArea\">\n<div class=\"column\">\n<p><strong>\u201c<span style=\"color: #fa0a8a;\">D<\/span>es projets communs et\u00a0une communication plus efficace\u201d<\/strong><\/p>\n<p style=\"text-align: justify;\">La synergie du r\u00e9seau permet de d\u00e9velopper des projets communs plus ambitieux, comme la mise en place d\u2019\u00e9v\u00e9nements, de s\u00e9minaires et de colloques&#8230; et aussi de pouvoir exp\u00e9rimenter de nouvelles id\u00e9es.<\/p>\n<p style=\"text-align: justify;\">Le r\u00e9seau associe \u00e9galement les connaissances sur les sites monastiques de chacun, au sein d\u2019un espace ressources partag\u00e9.<\/p>\n<p style=\"text-align: justify;\">La communication commune autour de projets partag\u00e9s assure une meilleure information aupr\u00e8s des publics par un renvoi entre toutes les abbayes partenaires et une promotion plus forte et plus efficace de nos sites et de nos actions. Le r\u00e9seau permet aussi d\u2019asseoir la notori\u00e9t\u00e9 de nos sites.<\/p>\n<div class=\"page\" title=\"Page 2\">\n<div class=\"layoutArea\">\n<div class=\"column\">\n<p style=\"text-align: justify;\"><strong><span style=\"color: #fa0a8a;\">V<\/span>ers un d\u00e9cloisonnement des sites<\/strong><\/p>\n<p style=\"text-align: justify;\">Afin de renforcer et faciliter la pratique professionnelle et de rompre avec l\u2019isolement en offrant un espace d\u2019\u00e9change et d\u2019entraide, le r\u00e9seau assure un d\u00e9cloisonnement des sites pour r\u00e9pondre aux besoins des gestionnaires des sites, pour mieux se connaitre et r\u00e9pondre \u00e0 l\u2019envie de :<\/p>\n<ul>\n<li style=\"text-align: justify;\">Se rencontrer, de disposer d\u2019un espace de dialogue et d\u2019assurer une entraide entre sites.<\/li>\n<li style=\"text-align: justify;\">\u00c9changer sur les exp\u00e9riences pour am\u00e9liorer et enrichir nos propres pratiques professionnelles.<\/li>\n<li style=\"text-align: justify;\">Mutualiser les moyens notamment pour le recrutement et la formation du personnel ainsi que sur les actions culturelles fortes.<\/li>\n<\/ul>\n<p>&nbsp;<\/p>\n<\/div>\n<div class=\"page\" title=\"Page 2\">\n<div class=\"layoutArea\">\n<div class=\"column\">\n<blockquote>\n<p style=\"text-align: center;\">\u201cNos architectures \u00e9voquent encore l\u2019espace autrefois prot\u00e9g\u00e9 des abbayes.<br \/>\nMais celles-ci furent aussi des lieux d\u2019accueil pour ceux qui passaient et des foyers de rayonnement intellectuel. Nous revendiquons aujourd\u2019hui encore ces deux dimensions : la qui\u00e9tude n\u00e9cessaire \u00e0 l\u2019intensit\u00e9 de la r\u00e9flexion et de la cr\u00e9ation, l\u2019ouverture \u00e0 tous les publics et le dialogue avec les cultures du monde.\u201d<\/p>\n<figure id=\"attachment_342\" aria-describedby=\"caption-attachment-342\" style=\"width: 1024px\" class=\"wp-caption alignnone\"><img loading=\"lazy\" decoding=\"async\" class=\"wp-image-342 size-large\" src=\"http:\/\/abbatia.eu\/wp-content\/uploads\/2016\/10\/IMG_0145_1-\u00a9-S\u00e9bastien-Laval-1024x683.jpg\" alt=\"img_0145_1-sebastien-laval\" width=\"1024\" height=\"683\" srcset=\"http:\/\/abbatia.eu\/wp-content\/uploads\/2016\/10\/IMG_0145_1-\u00a9-S\u00e9bastien-Laval-1024x683.jpg 1024w, http:\/\/abbatia.eu\/wp-content\/uploads\/2016\/10\/IMG_0145_1-\u00a9-S\u00e9bastien-Laval-300x200.jpg 300w, http:\/\/abbatia.eu\/wp-content\/uploads\/2016\/10\/IMG_0145_1-\u00a9-S\u00e9bastien-Laval-768x512.jpg 768w, http:\/\/abbatia.eu\/wp-content\/uploads\/2016\/10\/IMG_0145_1-\u00a9-S\u00e9bastien-Laval-830x553.jpg 830w, http:\/\/abbatia.eu\/wp-content\/uploads\/2016\/10\/IMG_0145_1-\u00a9-S\u00e9bastien-Laval-230x153.jpg 230w, http:\/\/abbatia.eu\/wp-content\/uploads\/2016\/10\/IMG_0145_1-\u00a9-S\u00e9bastien-Laval-350x233.jpg 350w, http:\/\/abbatia.eu\/wp-content\/uploads\/2016\/10\/IMG_0145_1-\u00a9-S\u00e9bastien-Laval-480x320.jpg 480w\" sizes=\"auto, (max-width: 1024px) 100vw, 1024px\" \/><figcaption id=\"caption-attachment-342\" class=\"wp-caption-text\">\u00a9 S\u00e9bastien Laval<\/figcaption><\/figure><\/blockquote>\n<\/div>\n<\/div>\n<\/div>\n<\/div>\n<\/div>\n<\/div>\n<\/div>\n<\/div>\n<\/div>\n<\/div>\n<\/div>\n","protected":false},"excerpt":{"rendered":"<p>EXP\u00c9RIMENTER DE NOUVELLES ID\u00c9ES \u201cDes projets communs et\u00a0une communication plus efficace\u201d La [&hellip;]<\/p>\n","protected":false},"author":1,"featured_media":0,"parent":0,"menu_order":0,"comment_status":"closed","ping_status":"closed","template":"","meta":{"footnotes":""},"class_list":["post-17","page","type-page","status-publish","hentry"],"_links":{"self":[{"href":"http:\/\/abbatia.eu\/index.php\/wp-json\/wp\/v2\/pages\/17","targetHints":{"allow":["GET"]}}],"collection":[{"href":"http:\/\/abbatia.eu\/index.php\/wp-json\/wp\/v2\/pages"}],"about":[{"href":"http:\/\/abbatia.eu\/index.php\/wp-json\/wp\/v2\/types\/page"}],"author":[{"embeddable":true,"href":"http:\/\/abbatia.eu\/index.php\/wp-json\/wp\/v2\/users\/1"}],"replies":[{"embeddable":true,"href":"http:\/\/abbatia.eu\/index.php\/wp-json\/wp\/v2\/comments?post=17"}],"version-history":[{"count":8,"href":"http:\/\/abbatia.eu\/index.php\/wp-json\/wp\/v2\/pages\/17\/revisions"}],"predecessor-version":[{"id":343,"href":"http:\/\/abbatia.eu\/index.php\/wp-json\/wp\/v2\/pages\/17\/revisions\/343"}],"wp:attachment":[{"href":"http:\/\/abbatia.eu\/index.php\/wp-json\/wp\/v2\/media?parent=17"}],"curies":[{"name":"wp","href":"https:\/\/api.w.org\/{rel}","templated":true}]}}