{"id":1780,"date":"2024-07-02T15:35:20","date_gmt":"2024-07-02T13:35:20","guid":{"rendered":"http:\/\/abbatia.eu\/?page_id=1780"},"modified":"2024-07-02T15:35:21","modified_gmt":"2024-07-02T13:35:21","slug":"abbaye-de-labsie","status":"publish","type":"page","link":"http:\/\/abbatia.eu\/index.php\/abbaye-de-labsie\/","title":{"rendered":"Abbaye de l&rsquo;Absie"},"content":{"rendered":"\n<div class=\"wp-block-columns is-layout-flex wp-container-core-columns-is-layout-9d6595d7 wp-block-columns-is-layout-flex\">\n<div class=\"wp-block-column is-layout-flow wp-block-column-is-layout-flow\" style=\"flex-basis:100%\">\n<div class=\"wp-block-columns is-layout-flex wp-container-core-columns-is-layout-9d6595d7 wp-block-columns-is-layout-flex\">\n<div class=\"wp-block-column is-layout-flow wp-block-column-is-layout-flow\" style=\"flex-basis:100%\">\n<div class=\"wp-block-group\"><div class=\"wp-block-group__inner-container is-layout-flow wp-block-group-is-layout-flow\">\n<figure class=\"wp-block-gallery has-nested-images columns-default is-cropped wp-block-gallery-1 is-layout-flex wp-block-gallery-is-layout-flex\">\n<figure class=\"wp-block-image size-large\"><img loading=\"lazy\" decoding=\"async\" width=\"684\" height=\"1024\" data-id=\"1785\" src=\"http:\/\/abbatia.eu\/wp-content\/uploads\/2024\/06\/04102023-_DSC9913-\u00a9-V.-Liorit-2-684x1024.jpg\" alt=\"\" class=\"wp-image-1785\" srcset=\"http:\/\/abbatia.eu\/wp-content\/uploads\/2024\/06\/04102023-_DSC9913-\u00a9-V.-Liorit-2-684x1024.jpg 684w, http:\/\/abbatia.eu\/wp-content\/uploads\/2024\/06\/04102023-_DSC9913-\u00a9-V.-Liorit-2-200x300.jpg 200w, http:\/\/abbatia.eu\/wp-content\/uploads\/2024\/06\/04102023-_DSC9913-\u00a9-V.-Liorit-2-768x1151.jpg 768w, http:\/\/abbatia.eu\/wp-content\/uploads\/2024\/06\/04102023-_DSC9913-\u00a9-V.-Liorit-2-1025x1536.jpg 1025w, http:\/\/abbatia.eu\/wp-content\/uploads\/2024\/06\/04102023-_DSC9913-\u00a9-V.-Liorit-2-1367x2048.jpg 1367w, http:\/\/abbatia.eu\/wp-content\/uploads\/2024\/06\/04102023-_DSC9913-\u00a9-V.-Liorit-2-920x1378.jpg 920w, http:\/\/abbatia.eu\/wp-content\/uploads\/2024\/06\/04102023-_DSC9913-\u00a9-V.-Liorit-2-230x345.jpg 230w, http:\/\/abbatia.eu\/wp-content\/uploads\/2024\/06\/04102023-_DSC9913-\u00a9-V.-Liorit-2-350x524.jpg 350w, http:\/\/abbatia.eu\/wp-content\/uploads\/2024\/06\/04102023-_DSC9913-\u00a9-V.-Liorit-2-480x719.jpg 480w, http:\/\/abbatia.eu\/wp-content\/uploads\/2024\/06\/04102023-_DSC9913-\u00a9-V.-Liorit-2-scaled.jpg 1709w\" sizes=\"auto, (max-width: 684px) 100vw, 684px\" \/><\/figure>\n\n\n\n<figure class=\"wp-block-image size-large\"><img loading=\"lazy\" decoding=\"async\" width=\"684\" height=\"1024\" data-id=\"1786\" src=\"http:\/\/abbatia.eu\/wp-content\/uploads\/2024\/06\/04102023-_DSC9829-\u00a9-V.-Liorit-1-684x1024.jpg\" alt=\"\" class=\"wp-image-1786\" srcset=\"http:\/\/abbatia.eu\/wp-content\/uploads\/2024\/06\/04102023-_DSC9829-\u00a9-V.-Liorit-1-684x1024.jpg 684w, http:\/\/abbatia.eu\/wp-content\/uploads\/2024\/06\/04102023-_DSC9829-\u00a9-V.-Liorit-1-200x300.jpg 200w, http:\/\/abbatia.eu\/wp-content\/uploads\/2024\/06\/04102023-_DSC9829-\u00a9-V.-Liorit-1-768x1151.jpg 768w, http:\/\/abbatia.eu\/wp-content\/uploads\/2024\/06\/04102023-_DSC9829-\u00a9-V.-Liorit-1-1025x1536.jpg 1025w, http:\/\/abbatia.eu\/wp-content\/uploads\/2024\/06\/04102023-_DSC9829-\u00a9-V.-Liorit-1-1367x2048.jpg 1367w, http:\/\/abbatia.eu\/wp-content\/uploads\/2024\/06\/04102023-_DSC9829-\u00a9-V.-Liorit-1-920x1378.jpg 920w, http:\/\/abbatia.eu\/wp-content\/uploads\/2024\/06\/04102023-_DSC9829-\u00a9-V.-Liorit-1-230x345.jpg 230w, http:\/\/abbatia.eu\/wp-content\/uploads\/2024\/06\/04102023-_DSC9829-\u00a9-V.-Liorit-1-350x524.jpg 350w, http:\/\/abbatia.eu\/wp-content\/uploads\/2024\/06\/04102023-_DSC9829-\u00a9-V.-Liorit-1-480x719.jpg 480w, http:\/\/abbatia.eu\/wp-content\/uploads\/2024\/06\/04102023-_DSC9829-\u00a9-V.-Liorit-1-scaled.jpg 1709w\" sizes=\"auto, (max-width: 684px) 100vw, 684px\" \/><\/figure>\n<figcaption class=\"blocks-gallery-caption\">Ancienne \u00e9glise Abbatiale et d\u00e9tail du portail d&rsquo;entr\u00e9e \u00a9 Marie-Laure Betard<\/figcaption><\/figure>\n<\/div><\/div>\n<\/div>\n<\/div>\n<\/div>\n<\/div>\n\n\n\n<h5 class=\"wp-block-heading\"><strong>HISTORIQUE<\/strong><\/h5>\n\n\n\n<p>Situ\u00e9 au croisement de deux anciennes routes (P\u00e9rigueux-Nantes et Angers-Saintes), le village de L&rsquo;Absie est un t\u00e9moin de la vie monastique dans le Bas-Poitou depuis l&rsquo;an 854. Aujourd&rsquo;hui, l&rsquo;\u00e9glise abbatiale et l&rsquo;aile conventuelle Est sont les seuls vestiges de l&rsquo;abbaye de L&rsquo;Absie, fond\u00e9e en 1120 par G\u00e9raud de Salles. Suivant la r\u00e8gle de Saint Beno\u00eet, l&rsquo;abbaye a b\u00e9n\u00e9fici\u00e9 de privil\u00e8ges accord\u00e9s par Ali\u00e9nor d&rsquo;Aquitaine et a particip\u00e9, au d\u00e9but du XIIIe si\u00e8cle, \u00e0 l&rsquo;ass\u00e8chement du nord du Marais Poitevin gr\u00e2ce au canal des Cinq Abb\u00e9s, creus\u00e9 avec les abbayes de Maillezais, Nieul-sur-l\u2019Autise, Saint-Maixent et Saint-Michel-en-l&rsquo;Herm.<\/p>\n\n\n\n<p><\/p>\n\n\n\n<figure class=\"wp-block-image size-large\" id=\"attachment_241\"><img loading=\"lazy\" decoding=\"async\" width=\"1024\" height=\"684\" src=\"http:\/\/abbatia.eu\/wp-content\/uploads\/2024\/06\/04102023-_DSC9845-\u00a9-V.-Liorit-1024x684.jpg\" alt=\"\" class=\"wp-image-1790\" srcset=\"http:\/\/abbatia.eu\/wp-content\/uploads\/2024\/06\/04102023-_DSC9845-\u00a9-V.-Liorit-1024x684.jpg 1024w, http:\/\/abbatia.eu\/wp-content\/uploads\/2024\/06\/04102023-_DSC9845-\u00a9-V.-Liorit-300x200.jpg 300w, http:\/\/abbatia.eu\/wp-content\/uploads\/2024\/06\/04102023-_DSC9845-\u00a9-V.-Liorit-768x513.jpg 768w, http:\/\/abbatia.eu\/wp-content\/uploads\/2024\/06\/04102023-_DSC9845-\u00a9-V.-Liorit-1536x1025.jpg 1536w, http:\/\/abbatia.eu\/wp-content\/uploads\/2024\/06\/04102023-_DSC9845-\u00a9-V.-Liorit-2048x1367.jpg 2048w, http:\/\/abbatia.eu\/wp-content\/uploads\/2024\/06\/04102023-_DSC9845-\u00a9-V.-Liorit-920x614.jpg 920w, http:\/\/abbatia.eu\/wp-content\/uploads\/2024\/06\/04102023-_DSC9845-\u00a9-V.-Liorit-230x154.jpg 230w, http:\/\/abbatia.eu\/wp-content\/uploads\/2024\/06\/04102023-_DSC9845-\u00a9-V.-Liorit-350x234.jpg 350w, http:\/\/abbatia.eu\/wp-content\/uploads\/2024\/06\/04102023-_DSC9845-\u00a9-V.-Liorit-480x320.jpg 480w\" sizes=\"auto, (max-width: 1024px) 100vw, 1024px\" \/><figcaption>\u00a9 Marie-Laure Betard<\/figcaption><\/figure>\n\n\n\n<p>Au XVe si\u00e8cle, des embellissements significatifs sont apport\u00e9s aux b\u00e2timents, alors que s\u2019amorce le d\u00e9but d&rsquo;un rel\u00e2chement de l&rsquo;aust\u00e9rit\u00e9 monacale jusqu&rsquo;au XVIe si\u00e8cle.<\/p>\n\n\n\n<div class=\"wp-block-image\"><figure class=\"aligncenter size-large is-resized\"><img loading=\"lazy\" decoding=\"async\" src=\"http:\/\/abbatia.eu\/wp-content\/uploads\/2024\/06\/04102023-_DSC9849-\u00a9-V.-Liorit.JPG-29.7-x-21-cm-1024x345.png\" alt=\"\" class=\"wp-image-1787\" width=\"790\" height=\"266\" srcset=\"http:\/\/abbatia.eu\/wp-content\/uploads\/2024\/06\/04102023-_DSC9849-\u00a9-V.-Liorit.JPG-29.7-x-21-cm-1024x345.png 1024w, http:\/\/abbatia.eu\/wp-content\/uploads\/2024\/06\/04102023-_DSC9849-\u00a9-V.-Liorit.JPG-29.7-x-21-cm-300x101.png 300w, http:\/\/abbatia.eu\/wp-content\/uploads\/2024\/06\/04102023-_DSC9849-\u00a9-V.-Liorit.JPG-29.7-x-21-cm-768x258.png 768w, http:\/\/abbatia.eu\/wp-content\/uploads\/2024\/06\/04102023-_DSC9849-\u00a9-V.-Liorit.JPG-29.7-x-21-cm-1536x517.png 1536w, http:\/\/abbatia.eu\/wp-content\/uploads\/2024\/06\/04102023-_DSC9849-\u00a9-V.-Liorit.JPG-29.7-x-21-cm-920x310.png 920w, http:\/\/abbatia.eu\/wp-content\/uploads\/2024\/06\/04102023-_DSC9849-\u00a9-V.-Liorit.JPG-29.7-x-21-cm-230x77.png 230w, http:\/\/abbatia.eu\/wp-content\/uploads\/2024\/06\/04102023-_DSC9849-\u00a9-V.-Liorit.JPG-29.7-x-21-cm-350x118.png 350w, http:\/\/abbatia.eu\/wp-content\/uploads\/2024\/06\/04102023-_DSC9849-\u00a9-V.-Liorit.JPG-29.7-x-21-cm-480x162.png 480w, http:\/\/abbatia.eu\/wp-content\/uploads\/2024\/06\/04102023-_DSC9849-\u00a9-V.-Liorit.JPG-29.7-x-21-cm.png 2000w\" sizes=\"auto, (max-width: 790px) 100vw, 790px\" \/><figcaption>\u00a9 Marie-Laure Betard<\/figcaption><\/figure><\/div>\n\n\n\n<p>Apr\u00e8s le saccage de l&rsquo;abbaye par les huguenots \u00e0 la fin du XVIe si\u00e8cle, des dissensions au sein de la congr\u00e9gation m\u00e8nent \u00e0 une d\u00e9cadence irr\u00e9versible de la vie monastique jusqu&rsquo;en 1735. Tous les biens sont alors ali\u00e9n\u00e9s au profit de l&rsquo;\u00e9v\u00each\u00e9 de La Rochelle. Abandonn\u00e9e, la vie monastique dispara\u00eet et en 1792, l&rsquo;ensemble des b\u00e2timents et des propri\u00e9t\u00e9s est vendu comme bien national. D\u00e8s lors, les destructions se succ\u00e8dent jusqu&rsquo;\u00e0 une p\u00e9riode r\u00e9cente, ne laissant subsister que l&rsquo;abbatiale et, dans le prolongement de son transept sud, l&rsquo;aile Est du clo\u00eetre et ses communs.<\/p>\n\n\n\n<figure class=\"wp-block-gallery has-nested-images columns-default is-cropped wp-block-gallery-2 is-layout-flex wp-block-gallery-is-layout-flex\">\n<figure class=\"wp-block-image size-large\"><img loading=\"lazy\" decoding=\"async\" width=\"684\" height=\"1024\" data-id=\"1788\" src=\"http:\/\/abbatia.eu\/wp-content\/uploads\/2024\/06\/04102023-_DSC9866-\u00a9-V.-Liorit-684x1024.jpg\" alt=\"\" class=\"wp-image-1788\" srcset=\"http:\/\/abbatia.eu\/wp-content\/uploads\/2024\/06\/04102023-_DSC9866-\u00a9-V.-Liorit-684x1024.jpg 684w, http:\/\/abbatia.eu\/wp-content\/uploads\/2024\/06\/04102023-_DSC9866-\u00a9-V.-Liorit-200x300.jpg 200w, http:\/\/abbatia.eu\/wp-content\/uploads\/2024\/06\/04102023-_DSC9866-\u00a9-V.-Liorit-768x1150.jpg 768w, http:\/\/abbatia.eu\/wp-content\/uploads\/2024\/06\/04102023-_DSC9866-\u00a9-V.-Liorit-1025x1536.jpg 1025w, http:\/\/abbatia.eu\/wp-content\/uploads\/2024\/06\/04102023-_DSC9866-\u00a9-V.-Liorit-1367x2048.jpg 1367w, http:\/\/abbatia.eu\/wp-content\/uploads\/2024\/06\/04102023-_DSC9866-\u00a9-V.-Liorit-920x1378.jpg 920w, http:\/\/abbatia.eu\/wp-content\/uploads\/2024\/06\/04102023-_DSC9866-\u00a9-V.-Liorit-230x345.jpg 230w, http:\/\/abbatia.eu\/wp-content\/uploads\/2024\/06\/04102023-_DSC9866-\u00a9-V.-Liorit-350x524.jpg 350w, http:\/\/abbatia.eu\/wp-content\/uploads\/2024\/06\/04102023-_DSC9866-\u00a9-V.-Liorit-480x719.jpg 480w, http:\/\/abbatia.eu\/wp-content\/uploads\/2024\/06\/04102023-_DSC9866-\u00a9-V.-Liorit-scaled.jpg 1709w\" sizes=\"auto, (max-width: 684px) 100vw, 684px\" \/><\/figure>\n\n\n\n<figure class=\"wp-block-image size-large\"><img loading=\"lazy\" decoding=\"async\" width=\"684\" height=\"1024\" data-id=\"1789\" src=\"http:\/\/abbatia.eu\/wp-content\/uploads\/2024\/06\/embleme-04102023-_DSC9856-\u00a9-V.-Liorit-684x1024.jpg\" alt=\"\" class=\"wp-image-1789\" srcset=\"http:\/\/abbatia.eu\/wp-content\/uploads\/2024\/06\/embleme-04102023-_DSC9856-\u00a9-V.-Liorit-684x1024.jpg 684w, http:\/\/abbatia.eu\/wp-content\/uploads\/2024\/06\/embleme-04102023-_DSC9856-\u00a9-V.-Liorit-200x300.jpg 200w, http:\/\/abbatia.eu\/wp-content\/uploads\/2024\/06\/embleme-04102023-_DSC9856-\u00a9-V.-Liorit-768x1150.jpg 768w, http:\/\/abbatia.eu\/wp-content\/uploads\/2024\/06\/embleme-04102023-_DSC9856-\u00a9-V.-Liorit-1025x1536.jpg 1025w, http:\/\/abbatia.eu\/wp-content\/uploads\/2024\/06\/embleme-04102023-_DSC9856-\u00a9-V.-Liorit-1367x2048.jpg 1367w, http:\/\/abbatia.eu\/wp-content\/uploads\/2024\/06\/embleme-04102023-_DSC9856-\u00a9-V.-Liorit-920x1378.jpg 920w, http:\/\/abbatia.eu\/wp-content\/uploads\/2024\/06\/embleme-04102023-_DSC9856-\u00a9-V.-Liorit-230x345.jpg 230w, http:\/\/abbatia.eu\/wp-content\/uploads\/2024\/06\/embleme-04102023-_DSC9856-\u00a9-V.-Liorit-350x524.jpg 350w, http:\/\/abbatia.eu\/wp-content\/uploads\/2024\/06\/embleme-04102023-_DSC9856-\u00a9-V.-Liorit-480x719.jpg 480w, http:\/\/abbatia.eu\/wp-content\/uploads\/2024\/06\/embleme-04102023-_DSC9856-\u00a9-V.-Liorit-scaled.jpg 1709w\" sizes=\"auto, (max-width: 684px) 100vw, 684px\" \/><\/figure>\n<figcaption class=\"blocks-gallery-caption\">\u00a9 Marie-Laure Betard<\/figcaption><\/figure>\n\n\n\n<p><strong>Apr\u00e8s de longues ann\u00e9es de restauration, vous pouvez d\u00e9sormais venir d\u00e9couvrir les peintures murales qui, depuis cinq si\u00e8cles, attendent votre visite.<\/strong>\u00a0<strong>R\u00e9alis\u00e9es vers 1450 par des ateliers d&rsquo;artistes sous influence italienne, elles surprennent par la finesse de leur trait, leurs couleurs d&rsquo;origine et leurs d\u00e9cors flamboyants. Chaque \u00e9poque a \u00e9t\u00e9 pr\u00e9serv\u00e9e pour situer le b\u00e2timent \u00e0 travers les si\u00e8cles.<\/strong><\/p>\n\n\n\n<p>         <\/p>\n\n\n\n<h5 class=\"has-text-align-right wp-block-heading\"><strong>VISITE \u2013 D\u00c9COUVERTE&nbsp;<\/strong><\/h5>\n\n\n\n<p class=\"has-text-align-right\">Site de l\u2019abbatiale en visite libre toute l\u2019ann\u00e9e en prenant la cl\u00e9 \u00e0 la boutique Place de l\u2019Inattendu, juste \u00e0 c\u00f4t\u00e9.<\/p>\n\n\n\n<p class=\"has-text-align-right\">Jours et <strong>horaires<\/strong> d\u2019ouverture <strong>mardi, mercredi, jeudi, vendredi et samedi : 10h \u00e0 13h et 15h \u00e0 19h.<\/strong> Du <strong>10<\/strong> <strong>juillet au 15 septembre<\/strong>, ouverture suppl\u00e9mentaire, <strong>le lundi : 10h \u00e0 13h et de 15h \u00e0 19h.<\/strong><\/p>\n\n\n\n<p class=\"has-text-align-right\"><strong>Visite simple<\/strong> \u00e0 partir de <strong>2\u20ac<\/strong> <br>Avec <strong>livret explicatif<\/strong> (suppl\u00e9ment de <strong>1\u20ac<\/strong>) <br><strong>Livrets \u00e9nigmes<\/strong> pour <strong>enfants<\/strong> (de 3 \u00e0 12 ans) au tarif de <strong>1\u20ac\/enfant<\/strong> <\/p>\n\n\n\n<p class=\"has-text-align-right\"><strong>Animations :<\/strong><\/p>\n\n\n\n<p class=\"has-text-align-right\">Retrouvez la programmation sur le site internet de la commune : <a href=\"http:\/\/www.absie.fr\" data-type=\"URL\" data-id=\"www.absie.fr\" target=\"_blank\" rel=\"noreferrer noopener\">www.absie.fr<\/a>. <\/p>\n\n\n\n<p class=\"has-text-align-right\"><strong>Visite guid\u00e9e<\/strong> : <strong>6 \u20ac<\/strong>\/personne <strong>\u00e0 partir<\/strong> de <strong>12 ans<\/strong><\/p>\n\n\n\n<p class=\"has-text-align-right\"><strong>Visite Sensorielle et Visite th\u00e9\u00e2tralis\u00e9e<\/strong> :                                                                                                       Explorez les richesses cach\u00e9es du patrimoine \u00e0 travers une exp\u00e9rience sensorielle inoubliable ou laissez-vous transporter \u00e0 travers les \u00e2ges lors d&rsquo;une visite th\u00e9\u00e2tralis\u00e9e o\u00f9 l&rsquo;histoire devient un spectacle vivant.                 <strong>Tarif : 5\u20ac\/adulte, 4\u20ac\/enfant, 15\u20ac\/famille (2 adultes + 2 enfants)<\/strong><\/p>\n\n\n\n<p class=\"has-text-align-right\">R\u00e9servez vos places \u00e0 l\u2019office du tourisme au :<strong> 05 49 65 10 27. <\/strong><\/p>\n\n\n\n<p class=\"has-text-align-right\"><strong>VISITE DE GROUPES <\/strong>: contactez la mairie au <strong>05 49 95 80 50<\/strong><br>Les visites sont accessibles et gratuites aux personnes en situation de handicap.<\/p>\n\n\n\n<p class=\"has-text-align-right\"><strong>Retrouvez toutes les actualit\u00e9s de l\u2019Abbaye de l&rsquo;Absie sur le site internet en\u00a0<a href=\"https:\/\/www.absie.fr\/\">cliquant ici<\/a>.\u00a0<\/strong><\/p>\n\n\n\n<div class=\"wp-block-image\"><figure class=\"alignright is-resized\"><a href=\"https:\/\/www.absie.fr\/\"><img loading=\"lazy\" decoding=\"async\" src=\"https:\/\/files.appli-intramuros.com\/city_logo\/agglo\/Bocage%20Bressuirais\/1a121ba3858a2d3860fa6c5f5f54255a_LAbsie.jpg\" alt=\"\" width=\"196\" height=\"133\"\/><\/a><\/figure><\/div>\n\n\n\n<hr class=\"wp-block-separator\"\/>\n","protected":false},"excerpt":{"rendered":"<p>HISTORIQUE Situ\u00e9 au croisement de deux anciennes routes (P\u00e9rigueux-Nantes et Angers-Saintes), le [&hellip;]<\/p>\n","protected":false},"author":1,"featured_media":0,"parent":0,"menu_order":0,"comment_status":"closed","ping_status":"closed","template":"","meta":{"footnotes":""},"class_list":["post-1780","page","type-page","status-publish","hentry"],"_links":{"self":[{"href":"http:\/\/abbatia.eu\/index.php\/wp-json\/wp\/v2\/pages\/1780","targetHints":{"allow":["GET"]}}],"collection":[{"href":"http:\/\/abbatia.eu\/index.php\/wp-json\/wp\/v2\/pages"}],"about":[{"href":"http:\/\/abbatia.eu\/index.php\/wp-json\/wp\/v2\/types\/page"}],"author":[{"embeddable":true,"href":"http:\/\/abbatia.eu\/index.php\/wp-json\/wp\/v2\/users\/1"}],"replies":[{"embeddable":true,"href":"http:\/\/abbatia.eu\/index.php\/wp-json\/wp\/v2\/comments?post=1780"}],"version-history":[{"count":15,"href":"http:\/\/abbatia.eu\/index.php\/wp-json\/wp\/v2\/pages\/1780\/revisions"}],"predecessor-version":[{"id":1805,"href":"http:\/\/abbatia.eu\/index.php\/wp-json\/wp\/v2\/pages\/1780\/revisions\/1805"}],"wp:attachment":[{"href":"http:\/\/abbatia.eu\/index.php\/wp-json\/wp\/v2\/media?parent=1780"}],"curies":[{"name":"wp","href":"https:\/\/api.w.org\/{rel}","templated":true}]}}