{"id":26,"date":"2016-10-12T09:50:30","date_gmt":"2016-10-12T07:50:30","guid":{"rendered":"http:\/\/abbatia.eu\/?page_id=26"},"modified":"2016-12-06T11:50:48","modified_gmt":"2016-12-06T10:50:48","slug":"nos-actions","status":"publish","type":"page","link":"http:\/\/abbatia.eu\/index.php\/nos-actions\/","title":{"rendered":"Nos actions"},"content":{"rendered":"<div class=\"page\" title=\"Page 3\">\n<div class=\"layoutArea\">\n<div class=\"column\">\n<h3><span style=\"color: #fa0a8a;\">JOURN\u00c9ES<\/span> D&rsquo;\u00c9TUDES<\/h3>\n<div class=\"page\" title=\"Page 3\">\n<div class=\"layoutArea\">\n<div class=\"column\">\n<p style=\"text-align: justify;\"><span style=\"color: #fa0a8a;\">ABBATIA<\/span> s\u2019est constitu\u00e9 aussi pour faire \u00e9merger les id\u00e9es favorisant les \u00e9changes entre professionnels sur des th\u00e9matiques sensibles aux gestionnaires de sites patrimoniaux notamment les Abbayes. Rassembler pendant une ou plusieurs journ\u00e9es \u00e9lus, m\u00e9diateurs, guides, historiens, historiens de l\u2019art, toutes personnes ayant capacit\u00e9 \u00e0 se mobiliser pour f\u00e9d\u00e9rer autour de la m\u00e9diation de notre patrimoine. C\u2019est aussi l\u2019occasion de (re)d\u00e9couvrir les sites des membres fondateurs et de les interroger sur leur r\u00f4le pour le d\u00e9veloppement \u00e9conomique, culturel et social en r\u00e9gion.<\/p>\n<p style=\"text-align: justify;\"><span style=\"color: #fa0a8a;\">C<\/span>es journ\u00e9es d\u2019\u00e9tudes seront aussi des espaces de r\u00e9flexion pour se renouveler et moderniser nos offres aupr\u00e8s de nos publics. Il s\u2019agira \u00e9galement de rester en lien avec l\u2019actualit\u00e9 et nos partenaires institutionnels.<\/p>\n<figure id=\"attachment_346\" aria-describedby=\"caption-attachment-346\" style=\"width: 1024px\" class=\"wp-caption aligncenter\"><img loading=\"lazy\" decoding=\"async\" class=\"wp-image-346 size-large\" src=\"http:\/\/abbatia.eu\/wp-content\/uploads\/2016\/10\/IMG_1452-\u00a9-S\u00e9bastien-Laval-1024x683.jpg\" alt=\"img_1452-sebastien-laval\" width=\"1024\" height=\"683\" srcset=\"http:\/\/abbatia.eu\/wp-content\/uploads\/2016\/10\/IMG_1452-\u00a9-S\u00e9bastien-Laval-1024x683.jpg 1024w, http:\/\/abbatia.eu\/wp-content\/uploads\/2016\/10\/IMG_1452-\u00a9-S\u00e9bastien-Laval-300x200.jpg 300w, http:\/\/abbatia.eu\/wp-content\/uploads\/2016\/10\/IMG_1452-\u00a9-S\u00e9bastien-Laval-768x512.jpg 768w, http:\/\/abbatia.eu\/wp-content\/uploads\/2016\/10\/IMG_1452-\u00a9-S\u00e9bastien-Laval-830x553.jpg 830w, http:\/\/abbatia.eu\/wp-content\/uploads\/2016\/10\/IMG_1452-\u00a9-S\u00e9bastien-Laval-230x153.jpg 230w, http:\/\/abbatia.eu\/wp-content\/uploads\/2016\/10\/IMG_1452-\u00a9-S\u00e9bastien-Laval-350x233.jpg 350w, http:\/\/abbatia.eu\/wp-content\/uploads\/2016\/10\/IMG_1452-\u00a9-S\u00e9bastien-Laval-480x320.jpg 480w\" sizes=\"auto, (max-width: 1024px) 100vw, 1024px\" \/><figcaption id=\"caption-attachment-346\" class=\"wp-caption-text\">\u00a9 S\u00e9bastien Laval<\/figcaption><\/figure>\n<\/div>\n<\/div>\n<\/div>\n<\/div>\n<\/div>\n<\/div>\n","protected":false},"excerpt":{"rendered":"<p>JOURN\u00c9ES D&rsquo;\u00c9TUDES ABBATIA s\u2019est constitu\u00e9 aussi pour faire \u00e9merger les id\u00e9es favorisant [&hellip;]<\/p>\n","protected":false},"author":1,"featured_media":0,"parent":0,"menu_order":0,"comment_status":"closed","ping_status":"closed","template":"","meta":{"footnotes":""},"class_list":["post-26","page","type-page","status-publish","hentry"],"_links":{"self":[{"href":"http:\/\/abbatia.eu\/index.php\/wp-json\/wp\/v2\/pages\/26","targetHints":{"allow":["GET"]}}],"collection":[{"href":"http:\/\/abbatia.eu\/index.php\/wp-json\/wp\/v2\/pages"}],"about":[{"href":"http:\/\/abbatia.eu\/index.php\/wp-json\/wp\/v2\/types\/page"}],"author":[{"embeddable":true,"href":"http:\/\/abbatia.eu\/index.php\/wp-json\/wp\/v2\/users\/1"}],"replies":[{"embeddable":true,"href":"http:\/\/abbatia.eu\/index.php\/wp-json\/wp\/v2\/comments?post=26"}],"version-history":[{"count":4,"href":"http:\/\/abbatia.eu\/index.php\/wp-json\/wp\/v2\/pages\/26\/revisions"}],"predecessor-version":[{"id":347,"href":"http:\/\/abbatia.eu\/index.php\/wp-json\/wp\/v2\/pages\/26\/revisions\/347"}],"wp:attachment":[{"href":"http:\/\/abbatia.eu\/index.php\/wp-json\/wp\/v2\/media?parent=26"}],"curies":[{"name":"wp","href":"https:\/\/api.w.org\/{rel}","templated":true}]}}