{"id":38,"date":"2016-10-12T09:51:46","date_gmt":"2016-10-12T07:51:46","guid":{"rendered":"http:\/\/abbatia.eu\/?page_id=38"},"modified":"2022-04-21T10:50:04","modified_gmt":"2022-04-21T08:50:04","slug":"education","status":"publish","type":"page","link":"http:\/\/abbatia.eu\/index.php\/education\/","title":{"rendered":"\u00c9ducation &#8211; Jeunesse"},"content":{"rendered":"<div class=\"page\" title=\"Page 2\">\n<div class=\"layoutArea\">\n<h3>VERS UN PROJET \u00c9DUCATIF <span style=\"color: #fa0a8a;\">GLOBAL<\/span><\/h3>\n<div class=\"page\" title=\"Page 2\">\n<div class=\"layoutArea\">\n<div class=\"column\">\n<p style=\"text-align: justify;\"><span style=\"color: #fa0a8a;\">L<\/span>es sites du r\u00e9seau Abbatia ont pour vocation l\u2019acc\u00e8s \u00e0 la connaissance culturelle, artistique et patrimoniale du jeune public dans le cadre scolaire ou hors temps scolaire. La transmission de nos patrimoines envers les jeunes est une priorit\u00e9 car ils constituent le public de demain. Ils sont aussi des prescripteurs potentiels aupr\u00e8s des parents. L\u2019enjeu est important et n\u00e9cessite de d\u00e9velopper une offre attractive en lien avec les programmes scolaires du primaire au lyc\u00e9e.<\/p>\n<figure id=\"attachment_114\" aria-describedby=\"caption-attachment-114\" style=\"width: 437px\" class=\"wp-caption aligncenter\"><img loading=\"lazy\" decoding=\"async\" class=\"wp-image-114 size-full\" src=\"http:\/\/abbatia.eu\/wp-content\/uploads\/2016\/10\/Capture-d\u2019\u00e9cran-2016-10-12-\u00e0-15.48.30.png\" alt=\"capture-decran-2016-10-12-a-15-48-30\" width=\"437\" height=\"506\" srcset=\"http:\/\/abbatia.eu\/wp-content\/uploads\/2016\/10\/Capture-d\u2019\u00e9cran-2016-10-12-\u00e0-15.48.30.png 437w, http:\/\/abbatia.eu\/wp-content\/uploads\/2016\/10\/Capture-d\u2019\u00e9cran-2016-10-12-\u00e0-15.48.30-259x300.png 259w, http:\/\/abbatia.eu\/wp-content\/uploads\/2016\/10\/Capture-d\u2019\u00e9cran-2016-10-12-\u00e0-15.48.30-230x266.png 230w, http:\/\/abbatia.eu\/wp-content\/uploads\/2016\/10\/Capture-d\u2019\u00e9cran-2016-10-12-\u00e0-15.48.30-350x405.png 350w\" sizes=\"auto, (max-width: 437px) 100vw, 437px\" \/><figcaption id=\"caption-attachment-114\" class=\"wp-caption-text\">\u00a9 Abbaye de Trizay<\/figcaption><\/figure>\n<p style=\"text-align: justify;\"><span style=\"color: #fa0a8a;\">L<\/span>es membres d\u2019Abbatia sont d\u00e9sireux de proposer un projet \u00e9ducatif global et coh\u00e9rent \u00e0 l\u2019\u00e9chelle de la grande r\u00e9gion Aquitaine Limousin Poitou-Charentes (ALPC). Une premi\u00e8re \u00e9tape significative est la mise \u00e0 disposition d\u2019un enseignant (4 heures hebdomadaires) par le Rectorat de l\u2019Acad\u00e9mie de Poitiers d\u00e8s 2016. Une convention a \u00e9t\u00e9 sign\u00e9e avec le Rectorat de Poitiers et Abbatia le <span style=\"color: #fa0a8a;\">2 d\u00e9cembre 2016<\/span> pour \u00e9tablir un partenariat durable.<\/p>\n<\/div>\n<p><img loading=\"lazy\" decoding=\"async\" class=\"aligncenter wp-image-594 \" src=\"http:\/\/abbatia.eu\/wp-content\/uploads\/2017\/01\/Convention_Signature-1024x683.jpg\" alt=\"\" width=\"675\" height=\"450\" srcset=\"http:\/\/abbatia.eu\/wp-content\/uploads\/2017\/01\/Convention_Signature-1024x683.jpg 1024w, http:\/\/abbatia.eu\/wp-content\/uploads\/2017\/01\/Convention_Signature-300x200.jpg 300w, http:\/\/abbatia.eu\/wp-content\/uploads\/2017\/01\/Convention_Signature-768x512.jpg 768w, http:\/\/abbatia.eu\/wp-content\/uploads\/2017\/01\/Convention_Signature-830x553.jpg 830w, http:\/\/abbatia.eu\/wp-content\/uploads\/2017\/01\/Convention_Signature-230x153.jpg 230w, http:\/\/abbatia.eu\/wp-content\/uploads\/2017\/01\/Convention_Signature-350x233.jpg 350w, http:\/\/abbatia.eu\/wp-content\/uploads\/2017\/01\/Convention_Signature-480x320.jpg 480w\" sizes=\"auto, (max-width: 675px) 100vw, 675px\" \/><\/p>\n<\/div>\n<\/div>\n<\/div>\n<\/div>\n","protected":false},"excerpt":{"rendered":"<p>VERS UN PROJET \u00c9DUCATIF GLOBAL Les sites du r\u00e9seau Abbatia ont pour [&hellip;]<\/p>\n","protected":false},"author":1,"featured_media":0,"parent":0,"menu_order":0,"comment_status":"closed","ping_status":"closed","template":"","meta":{"footnotes":""},"class_list":["post-38","page","type-page","status-publish","hentry"],"_links":{"self":[{"href":"http:\/\/abbatia.eu\/index.php\/wp-json\/wp\/v2\/pages\/38","targetHints":{"allow":["GET"]}}],"collection":[{"href":"http:\/\/abbatia.eu\/index.php\/wp-json\/wp\/v2\/pages"}],"about":[{"href":"http:\/\/abbatia.eu\/index.php\/wp-json\/wp\/v2\/types\/page"}],"author":[{"embeddable":true,"href":"http:\/\/abbatia.eu\/index.php\/wp-json\/wp\/v2\/users\/1"}],"replies":[{"embeddable":true,"href":"http:\/\/abbatia.eu\/index.php\/wp-json\/wp\/v2\/comments?post=38"}],"version-history":[{"count":9,"href":"http:\/\/abbatia.eu\/index.php\/wp-json\/wp\/v2\/pages\/38\/revisions"}],"predecessor-version":[{"id":1362,"href":"http:\/\/abbatia.eu\/index.php\/wp-json\/wp\/v2\/pages\/38\/revisions\/1362"}],"wp:attachment":[{"href":"http:\/\/abbatia.eu\/index.php\/wp-json\/wp\/v2\/media?parent=38"}],"curies":[{"name":"wp","href":"https:\/\/api.w.org\/{rel}","templated":true}]}}