{"id":424,"date":"2016-12-06T18:01:45","date_gmt":"2016-12-06T17:01:45","guid":{"rendered":"http:\/\/abbatia.eu\/?page_id=424"},"modified":"2025-12-08T12:03:17","modified_gmt":"2025-12-08T11:03:17","slug":"abbaye-de-trizay","status":"publish","type":"page","link":"http:\/\/abbatia.eu\/index.php\/enseignants\/recherche-par-abbaye\/abbaye-de-trizay\/","title":{"rendered":"Abbaye de Trizay"},"content":{"rendered":"<p><span style=\"font-family: 'Source Sans Pro', sans-serif;\">L\u2019abbaye de Trizay et son centre d\u2019art contemporain proposent des ateliers p\u00e9dagogiques pour les scolaires, de la maternelle au cycle 4 <\/span><strong style=\"font-family: 'Source Sans Pro', sans-serif;\">sur le Moyen Age<\/strong><span style=\"font-family: 'Source Sans Pro', sans-serif;\"> \u2013 vie quotidienne, soci\u00e9t\u00e9, arts, sciences et techniques &#8211; et <\/span><strong style=\"font-family: 'Source Sans Pro', sans-serif;\">sur l\u2019art contemporain<\/strong><span style=\"font-family: 'Source Sans Pro', sans-serif;\">\u00a0gr\u00e2ce aux expositions qui prennent place tous les deux mois dans le centre d\u2019art contemporain.<\/span><\/p>\n<div>\n<div id=\"divtagdefaultwrapper\" class=\"\" dir=\"ltr\">\n<div id=\"divtagdefaultwrapper\" class=\"\" dir=\"ltr\">\n<div class=\"\" role=\"document\">\n<div id=\"Item.MessagePartBody\" class=\"_rp_25\">\n<div id=\"Item.MessageUniqueBody\" class=\"ms-font-color-neutralDark _rp_35 rpHighlightBodyClass ms-font-weight-regular rpHighlightAllClass\">\n<div class=\"\">\n<div class=\"\" dir=\"ltr\">\n<div id=\"divtagdefaultwrapper\" class=\"\">\n<div class=\"\">\n<p>Ces ateliers p\u00e9dagogiques font appel \u00e0 l\u2019amusement, l\u2019interactivit\u00e9 et la r\u00e9flexion. Ils sont anim\u00e9s par des m\u00e9diatrices historiennes de l\u2019art et guides conf\u00e9renciers qui ont \u00e0 c\u0153ur de transmettre leur passion de l\u2019histoire et de l\u2019art par une p\u00e9dagogie accessible et des outils adapt\u00e9s.<\/p>\n<p><strong>ART ET VIE AU MOYEN AGE :<br \/><\/strong><strong>Diff\u00e9rents th\u00e8mes propos\u00e9es alliant connaissances et exp\u00e9riences :<\/strong><br \/>\u2013 visite anim\u00e9e sur la vie quotidienne des moines<br \/>\u2013 l\u2019architecture monastique et la construction m\u00e9di\u00e9vale : m\u00e9thode et outils<br \/>\u2013 la calligraphie<br \/>\u2013 l\u2019enluminure \u00e0 base de pigments naturels<br \/>\u2013 le bestiaire m\u00e9di\u00e9val<br \/>\u2013 l\u2019alimentation et la cuisine m\u00e9di\u00e9vale<\/p>\n<p><strong>ART CONTEMPORAIN : R\u00e9alisme et abstraction<\/strong><\/p>\n<p>D\u00e9couverte d\u2019un artiste et d\u2019une \u0153uvre avec initiation aux techniques utilis\u00e9es par l\u2019artiste (selon la programmation culturelle du centre : peinture\/collage ; gravure ; tissage\u2026). Les \u00e9l\u00e8ves r\u00e9alisent une \u0153uvre individuelle ou collective qu\u2019ils emporteront avec eux.<\/p>\n<ul>\n<li><a href=\"file:\/\/\/Z:\/6.%20SERVICE%20PEDAGOGIQUE\/3.%20livret%20p%C3%A9dagogique\/Livret%20p%C3%A9dagogique%202025-2026\/Livret%20p%C3%A9dagogique%20Atelier%202025-2026.pdf\" target=\"_blank\" rel=\"noopener\">Livret p\u00e9dagogique 2025-2026<\/a><\/li>\n<\/ul>\n<\/div>\n<\/div>\n<\/div>\n<\/div>\n<\/div>\n<\/div>\n<\/div>\n<\/div>\n<\/div>\n<\/div>\n\n\n<p><\/p>\n","protected":false},"excerpt":{"rendered":"<p>L\u2019abbaye de Trizay et son centre d\u2019art contemporain proposent des ateliers p\u00e9dagogiques [&hellip;]<\/p>\n","protected":false},"author":1,"featured_media":0,"parent":889,"menu_order":0,"comment_status":"closed","ping_status":"closed","template":"","meta":{"footnotes":""},"class_list":["post-424","page","type-page","status-publish","hentry"],"_links":{"self":[{"href":"http:\/\/abbatia.eu\/index.php\/wp-json\/wp\/v2\/pages\/424","targetHints":{"allow":["GET"]}}],"collection":[{"href":"http:\/\/abbatia.eu\/index.php\/wp-json\/wp\/v2\/pages"}],"about":[{"href":"http:\/\/abbatia.eu\/index.php\/wp-json\/wp\/v2\/types\/page"}],"author":[{"embeddable":true,"href":"http:\/\/abbatia.eu\/index.php\/wp-json\/wp\/v2\/users\/1"}],"replies":[{"embeddable":true,"href":"http:\/\/abbatia.eu\/index.php\/wp-json\/wp\/v2\/comments?post=424"}],"version-history":[{"count":30,"href":"http:\/\/abbatia.eu\/index.php\/wp-json\/wp\/v2\/pages\/424\/revisions"}],"predecessor-version":[{"id":1837,"href":"http:\/\/abbatia.eu\/index.php\/wp-json\/wp\/v2\/pages\/424\/revisions\/1837"}],"up":[{"embeddable":true,"href":"http:\/\/abbatia.eu\/index.php\/wp-json\/wp\/v2\/pages\/889"}],"wp:attachment":[{"href":"http:\/\/abbatia.eu\/index.php\/wp-json\/wp\/v2\/media?parent=424"}],"curies":[{"name":"wp","href":"https:\/\/api.w.org\/{rel}","templated":true}]}}