{"id":429,"date":"2016-12-06T18:05:26","date_gmt":"2016-12-06T17:05:26","guid":{"rendered":"http:\/\/abbatia.eu\/?page_id=429"},"modified":"2022-05-04T11:59:11","modified_gmt":"2022-05-04T09:59:11","slug":"abbaye-de-saint-amant-de-boixe-2","status":"publish","type":"page","link":"http:\/\/abbatia.eu\/index.php\/enseignants\/recherche-par-abbaye\/abbaye-de-saint-amant-de-boixe-2\/","title":{"rendered":"Abbaye de Saint-Amant-de-Boixe"},"content":{"rendered":"<p><a href=\"http:\/\/abbatia.eu\/wp-content\/uploads\/2022\/05\/image-st-amant-de-boixe-scaled.jpg\"><img loading=\"lazy\" decoding=\"async\" class=\"wp-image-1459 alignright\" src=\"http:\/\/abbatia.eu\/wp-content\/uploads\/2022\/05\/image-st-amant-de-boixe-1024x768.jpg\" alt=\"\" width=\"414\" height=\"310\" srcset=\"http:\/\/abbatia.eu\/wp-content\/uploads\/2022\/05\/image-st-amant-de-boixe-1024x768.jpg 1024w, http:\/\/abbatia.eu\/wp-content\/uploads\/2022\/05\/image-st-amant-de-boixe-300x225.jpg 300w, http:\/\/abbatia.eu\/wp-content\/uploads\/2022\/05\/image-st-amant-de-boixe-768x576.jpg 768w, http:\/\/abbatia.eu\/wp-content\/uploads\/2022\/05\/image-st-amant-de-boixe-1536x1152.jpg 1536w, http:\/\/abbatia.eu\/wp-content\/uploads\/2022\/05\/image-st-amant-de-boixe-2048x1536.jpg 2048w, http:\/\/abbatia.eu\/wp-content\/uploads\/2022\/05\/image-st-amant-de-boixe-920x690.jpg 920w, http:\/\/abbatia.eu\/wp-content\/uploads\/2022\/05\/image-st-amant-de-boixe-230x173.jpg 230w, http:\/\/abbatia.eu\/wp-content\/uploads\/2022\/05\/image-st-amant-de-boixe-350x263.jpg 350w, http:\/\/abbatia.eu\/wp-content\/uploads\/2022\/05\/image-st-amant-de-boixe-480x360.jpg 480w\" sizes=\"auto, (max-width: 414px) 100vw, 414px\" \/><\/a><a href=\"http:\/\/abbatia.eu\/index.php\/abbaye-de-saint-amant-de-boixe\/\" target=\"_blank\" rel=\"noopener noreferrer\"><span style=\"color: #fa0a8a;\">L&rsquo;Abbaye de Saint-Amant-de-Boixe<\/span><\/a> ouvre ses portes aux scolaires de tout \u00e2ge pour diff\u00e9rents ateliers.<\/p>\n<p>Depuis 2008, ce sont plus de 15000 scolaires qui ont d\u00e9couvert la civilisation m\u00e9di\u00e9vale \u00e0 travers visites et ateliers. Des personnes form\u00e9es (BAFA et guide conf\u00e9rencier) sont \u00e0 la disposition des enseignants pour proposer des ateliers et visites de qualit\u00e9, adapt\u00e9s, et r\u00e9pondre \u00e0 des projets p\u00e9dagogiques.<\/p>\n<p><strong>Parmi les activit\u00e9s propos\u00e9es:<\/strong><\/p>\n<ul>\n<li style=\"text-align: left;\"><a href=\"http:\/\/abbatia.eu\/wp-content\/uploads\/2022\/05\/Activites-Pedagogiques-Cycle-2.pdf\">Activit\u00e9s-P\u00e9dagogiques-Cycle-2<\/a><\/li>\n<li><a href=\"http:\/\/abbatia.eu\/wp-content\/uploads\/2022\/05\/Activites-pedagogiques-Cycle-3.pdf\">Activit\u00e9s-p\u00e9dagogiques-Cycle-3<\/a><\/li>\n<li style=\"text-align: left;\"><a href=\"http:\/\/abbatia.eu\/wp-content\/uploads\/2022\/05\/Activites-pedagogiques-Cycle-4.pdf\">Activit\u00e9s-p\u00e9dagogiques-Cycle-4<\/a><\/li>\n<li style=\"text-align: left;\"><a href=\"http:\/\/abbatia.eu\/wp-content\/uploads\/2022\/05\/Activites-Pedagogiques-Lycee.pdf\">Activit\u00e9s-P\u00e9dagogiques-Lyc\u00e9e<\/a><\/li>\n<\/ul>\n<p>\u00a0<\/p>\n<hr \/>\n<p style=\"text-align: right;\"><span style=\"color: #ff00bf;\">Plus d&rsquo;informations sur <\/span><a href=\"https:\/\/abbayesaintamantdeboixe.fr\/visiter\/visites-scolaires\/\"><span style=\"color: #ff00bf;\"><strong>https:\/\/abbayesaintamantdeboixe.fr\/visiter\/visites-scolaires\/<\/strong><\/span><\/a><\/p>\n<p style=\"text-align: right;\"><span style=\"color: #ff00bf;\"><strong><a href=\"http:\/\/abbatia.eu\/wp-content\/uploads\/2022\/05\/Logo-SABx.jpg\"><img loading=\"lazy\" decoding=\"async\" class=\"alignnone  wp-image-1446\" src=\"http:\/\/abbatia.eu\/wp-content\/uploads\/2022\/05\/Logo-SABx.jpg\" alt=\"\" width=\"139\" height=\"151\" srcset=\"http:\/\/abbatia.eu\/wp-content\/uploads\/2022\/05\/Logo-SABx.jpg 462w, http:\/\/abbatia.eu\/wp-content\/uploads\/2022\/05\/Logo-SABx-277x300.jpg 277w, http:\/\/abbatia.eu\/wp-content\/uploads\/2022\/05\/Logo-SABx-230x249.jpg 230w, http:\/\/abbatia.eu\/wp-content\/uploads\/2022\/05\/Logo-SABx-350x379.jpg 350w\" sizes=\"auto, (max-width: 139px) 100vw, 139px\" \/><\/a>\u00a0<\/strong><\/span><\/p>\n\n\n<p><a rel=\"noreferrer noopener\" href=\"https:\/\/abbayesaintamantdeboixe.fr\/visiter\/visites-scolaires\/\" target=\"_blank\"><\/a><\/p>\n","protected":false},"excerpt":{"rendered":"<p>L&rsquo;Abbaye de Saint-Amant-de-Boixe ouvre ses portes aux scolaires de tout \u00e2ge pour [&hellip;]<\/p>\n","protected":false},"author":1,"featured_media":0,"parent":889,"menu_order":0,"comment_status":"closed","ping_status":"closed","template":"","meta":{"footnotes":""},"class_list":["post-429","page","type-page","status-publish","hentry"],"_links":{"self":[{"href":"http:\/\/abbatia.eu\/index.php\/wp-json\/wp\/v2\/pages\/429","targetHints":{"allow":["GET"]}}],"collection":[{"href":"http:\/\/abbatia.eu\/index.php\/wp-json\/wp\/v2\/pages"}],"about":[{"href":"http:\/\/abbatia.eu\/index.php\/wp-json\/wp\/v2\/types\/page"}],"author":[{"embeddable":true,"href":"http:\/\/abbatia.eu\/index.php\/wp-json\/wp\/v2\/users\/1"}],"replies":[{"embeddable":true,"href":"http:\/\/abbatia.eu\/index.php\/wp-json\/wp\/v2\/comments?post=429"}],"version-history":[{"count":7,"href":"http:\/\/abbatia.eu\/index.php\/wp-json\/wp\/v2\/pages\/429\/revisions"}],"predecessor-version":[{"id":1461,"href":"http:\/\/abbatia.eu\/index.php\/wp-json\/wp\/v2\/pages\/429\/revisions\/1461"}],"up":[{"embeddable":true,"href":"http:\/\/abbatia.eu\/index.php\/wp-json\/wp\/v2\/pages\/889"}],"wp:attachment":[{"href":"http:\/\/abbatia.eu\/index.php\/wp-json\/wp\/v2\/media?parent=429"}],"curies":[{"name":"wp","href":"https:\/\/api.w.org\/{rel}","templated":true}]}}