{"id":62,"date":"2016-10-12T10:28:59","date_gmt":"2016-10-12T08:28:59","guid":{"rendered":"http:\/\/abbatia.eu\/?page_id=62"},"modified":"2024-11-28T11:44:38","modified_gmt":"2024-11-28T10:44:38","slug":"abbaye-de-saint-savin-sur-gartempe","status":"publish","type":"page","link":"http:\/\/abbatia.eu\/index.php\/abbaye-de-saint-savin-sur-gartempe\/","title":{"rendered":"Abbaye de Saint-Savin-sur-Gartempe"},"content":{"rendered":"<p>Vienne<\/p>\n<figure id=\"attachment_161\" aria-describedby=\"caption-attachment-161\" style=\"width: 682px\" class=\"wp-caption aligncenter\"><img loading=\"lazy\" decoding=\"async\" class=\"wp-image-161 \" src=\"http:\/\/abbatia.eu\/wp-content\/uploads\/2016\/10\/AbbayeStSavin_VueExt\u00e9rieure_R\u00e9myBerthon-1024x685.jpg\" alt=\"abbayestsavin_vueexterieure_remyberthon\" width=\"682\" height=\"457\" srcset=\"http:\/\/abbatia.eu\/wp-content\/uploads\/2016\/10\/AbbayeStSavin_VueExt\u00e9rieure_R\u00e9myBerthon-1024x685.jpg 1024w, http:\/\/abbatia.eu\/wp-content\/uploads\/2016\/10\/AbbayeStSavin_VueExt\u00e9rieure_R\u00e9myBerthon-300x201.jpg 300w, http:\/\/abbatia.eu\/wp-content\/uploads\/2016\/10\/AbbayeStSavin_VueExt\u00e9rieure_R\u00e9myBerthon-768x514.jpg 768w, http:\/\/abbatia.eu\/wp-content\/uploads\/2016\/10\/AbbayeStSavin_VueExt\u00e9rieure_R\u00e9myBerthon-830x556.jpg 830w, http:\/\/abbatia.eu\/wp-content\/uploads\/2016\/10\/AbbayeStSavin_VueExt\u00e9rieure_R\u00e9myBerthon-230x154.jpg 230w, http:\/\/abbatia.eu\/wp-content\/uploads\/2016\/10\/AbbayeStSavin_VueExt\u00e9rieure_R\u00e9myBerthon-350x234.jpg 350w, http:\/\/abbatia.eu\/wp-content\/uploads\/2016\/10\/AbbayeStSavin_VueExt\u00e9rieure_R\u00e9myBerthon-480x321.jpg 480w\" sizes=\"auto, (max-width: 682px) 100vw, 682px\" \/><figcaption id=\"caption-attachment-161\" class=\"wp-caption-text\">\u00a9 Abbaye de Saint-Savin sur Gartempe \u2013 R\u00e9my Berthon<\/figcaption><\/figure>\n<h5 style=\"text-align: center;\"><span style=\"color: #ff00aa;\"><strong>HISTORIQUE<\/strong><\/span><\/h5>\n<p style=\"text-align: justify;\"><b><span style=\"color: #fa0a8a;\">Un ensemble exceptionnel<\/span>\u00a0: \u00ab\u00a0la sixtine de l\u2019\u00e9poque romane\u00a0\u00bb (Andr\u00e9 Malraux)<\/b><\/p>\n<p style=\"text-align: justify;\">L&rsquo;abbatiale poitevine, fleuron de l&rsquo;art roman en Poitou-Charentes, s&rsquo;impose par ses peintures murales commandit\u00e9es par les moines b\u00e9n\u00e9dictins de ce haut lieu de l&rsquo;architecture monastique. Au XIXe si\u00e8cle, gr\u00e2ce \u00e0\u00a0 l\u2019initiative de Prosper M\u00e9rim\u00e9e, alors Inspecteur g\u00e9n\u00e9ral des Monuments Historiques, les peintures, dat\u00e9es de la fin du XIe-d\u00e9but XIIe si\u00e8cle, ont \u00e9t\u00e9 sauv\u00e9es. De nombreux travaux et campagnes de restauration visant \u00e0 sauvegarder les peintures ont alors \u00e9t\u00e9 entrepris. L\u2019\u00e9glise, class\u00e9e en 1840 sur la premi\u00e8re liste des monuments historiques, continue encore de faire l\u2019objet de toutes les attentions des restaurateurs.<\/p>\n<p style=\"text-align: justify;\"><b><span style=\"color: #fa0a8a;\">L\u2019abbatiale et ses peintures<\/span>\u00a0: un site du patrimoine mondial<\/b><\/p>\n<p style=\"text-align: justify;\">L\u2019\u00e9glise fut inscrite sur la liste du patrimoine mondial de l\u2019UNESCO en 1983, au titre de deux crit\u00e8res d\u2019\u00e9valuation: elle est consid\u00e9r\u00e9e comme un chef-d\u2019\u0153uvre du g\u00e9nie cr\u00e9ateur de l\u2019homme (crit\u00e8re I) tout en \u00e9tant le t\u00e9moignage remarquable d\u2019une civilisation disparue (crit\u00e8re III). L\u2019image, en effet, \u00e0 travers le cycle mural de Saint-Savin, est l\u2019h\u00e9ritage d\u2019un pass\u00e9, celui d\u2019une culture et enfin celui d\u2019une histoire, celle d\u2019o\u00f9 l\u2019on vient\u2026<\/p>\n<p style=\"text-align: justify;\">Les visites guid\u00e9es de l\u2019abbatiale, la d\u00e9couverte de son parcours sc\u00e9nographique comme les interventions p\u00e9dagogiques visant \u00e0 sensibiliser les divers publics, entendent bien se donner comme objectif de transmettre cette histoire \u00e0 tous.<\/p>\n<figure id=\"attachment_163\" aria-describedby=\"caption-attachment-163\" style=\"width: 498px\" class=\"wp-caption aligncenter\"><img loading=\"lazy\" decoding=\"async\" class=\"wp-image-163 \" src=\"http:\/\/abbatia.eu\/wp-content\/uploads\/2016\/10\/AbbayeStSavin_Nef_R\u00e9myBerthon-685x1024.jpg\" alt=\"abbayestsavin_nef_remyberthon\" width=\"498\" height=\"745\" srcset=\"http:\/\/abbatia.eu\/wp-content\/uploads\/2016\/10\/AbbayeStSavin_Nef_R\u00e9myBerthon-685x1024.jpg 685w, http:\/\/abbatia.eu\/wp-content\/uploads\/2016\/10\/AbbayeStSavin_Nef_R\u00e9myBerthon-201x300.jpg 201w, http:\/\/abbatia.eu\/wp-content\/uploads\/2016\/10\/AbbayeStSavin_Nef_R\u00e9myBerthon-768x1147.jpg 768w, http:\/\/abbatia.eu\/wp-content\/uploads\/2016\/10\/AbbayeStSavin_Nef_R\u00e9myBerthon-830x1240.jpg 830w, http:\/\/abbatia.eu\/wp-content\/uploads\/2016\/10\/AbbayeStSavin_Nef_R\u00e9myBerthon-230x344.jpg 230w, http:\/\/abbatia.eu\/wp-content\/uploads\/2016\/10\/AbbayeStSavin_Nef_R\u00e9myBerthon-350x523.jpg 350w, http:\/\/abbatia.eu\/wp-content\/uploads\/2016\/10\/AbbayeStSavin_Nef_R\u00e9myBerthon-480x717.jpg 480w\" sizes=\"auto, (max-width: 498px) 100vw, 498px\" \/><figcaption id=\"caption-attachment-163\" class=\"wp-caption-text\">\u00a9 Abbaye de Saint-Savin sur Gartempe \u2013 R\u00e9my Berthon<\/figcaption><\/figure>\n<h5 style=\"text-align: center;\"><span style=\"color: #ff00aa;\"><strong>VISITE &#8211; D\u00c9COUVERTE\u00a0<\/strong><\/span><\/h5>\n<p style=\"text-align: justify;\"><b><span style=\"color: #fa0a8a;\">Projet d\u2019\u00e9tablissement<\/span>\u00a0: Un lieu universel et serein, tourn\u00e9 vers l\u2019innovation<\/b><\/p>\n<p style=\"text-align: justify;\">T\u00e9moignage architectural et artistique d\u2019un certain esprit novateur au moyen-\u00e2ge, l\u2019abbaye de Saint-Savin a pour but de transmettre cet h\u00e9ritage. D\u2019abord en mettant en valeur les innovations techniques pass\u00e9es, mais \u00e9galement en cr\u00e9ant un lien avec l\u2019innovation moderne. L\u2019abbaye veut s\u2019inscrire dans une d\u00e9marche universelle, \u00e0 la fois t\u00e9moin et actrice des \u00e9volutions scientifiques et techniques qui ont fait \u00e9voluer l\u2019humanit\u00e9. Engag\u00e9 avec l\u2019aide d\u2019Universcience (La Cit\u00e9 des Sciences et Le Palais de la d\u00e9couverte \u00e0 Paris) dans un processus de d\u00e9veloppement, l\u2019\u00e9tablissement se positionne sur une transmission didactique, grand public et innovante.<\/p>\n<p style=\"text-align: justify;\">L\u2019abbaye s\u2019inscrit \u00e9galement dans un territoire historique en jouant le r\u00f4le de \u00ab\u00a0porte d\u2019entr\u00e9e\u00a0\u00bb sur un ensemble de sites religieux peints, appel\u00e9 la Vall\u00e9e des Fresques. Visiter cette Vall\u00e9e des Fresques, c\u2019est d\u00e9couvrir des peintures murales qui ont travers\u00e9 les si\u00e8cles, et ainsi remonter l\u2019histoire et le temps. L\u2019ensemble compos\u00e9 de l\u2019Abbaye et de ces autres sites forme une parenth\u00e8se de s\u00e9r\u00e9nit\u00e9 contemplative, coup\u00e9e de la temporalit\u00e9 quotidienne et \u00e9troitement li\u00e9e \u00e0 l\u2019histoire de la r\u00e9gion et \u00e0 l\u2019\u00e9volution de la soci\u00e9t\u00e9 humaine.<\/p>\n<hr \/>\n<p><em><strong>Avril, mai, juin, septembre et octobre<\/strong> &#8211;\u00a0<\/em>du lundi au samedi\u00a010h00-12h00 \/\u00a014h00-18h00,\u00a0le dimanche\u00a014h00-18h00.<\/p>\n<p><em><strong>F\u00e9vrier, mars, novembre et d\u00e9cembre &#8211;<\/strong> \u00a0<\/em>du lundi au samedi\u00a010h00-12h00 \/\u00a014h00-17h00,\u00a0le dimanche\u00a014h00-17h00.<\/p>\n<p><em><strong>Juillet, ao\u00fbt<\/strong> &#8211;\u00a0<\/em>tous les jours\u00a010h00-19h00.<\/p>\n<p><strong>Retrouvez toutes les actualit\u00e9s de l\u2019Abbaye de Saint-Savin-sur-Gartempe\u00a0sur le site internet en<span style=\"color: #fa0a8a;\">\u00a0<a style=\"color: #fa0a8a;\" href=\"http:\/\/www.abbaye-saint-savin.fr\/fr\" target=\"_blank\" rel=\"noopener\">cliquant ici<\/a>.\u00a0<\/span><\/strong><\/p>\n<hr \/>\n<p style=\"text-align: right;\"><span style=\"color: #ff00aa;\"><strong>Plus d&rsquo;informations<\/strong> :<\/span><\/p>\n<p style=\"text-align: right;\"><a href=\"http:\/\/abbatia.eu\/index.php\/locations\/abbaye-de-saint-savin-sur-gartempe\/\">Abbaye de \u00a0Saint-Savin-sur-Gartempe<\/a><\/p>\n<p style=\"text-align: right;\">M Jean-Luc DORCHIES, \u00a0Directeur et r\u00e9f\u00e9rent de l&rsquo;offre culturelle,\u00a0 <a href=\"mailto:direction@abbaye-saint-savin.fr\" target=\"_blank\" rel=\"noopener\">direction@abbaye-saint-savin.fr<\/a>\u00a0&#8211;\u00a005 49 84 38 63<\/p>\n<p style=\"text-align: right;\">\u00a0M Antonin BARRAULT-BEAUDY, Charg\u00e9 de communication, <a href=\"mailto:communication@abbaye-saint-savin.fr\" target=\"_blank\" rel=\"noopener\">communication@abbaye-saint-savin.fr<\/a>\u00a0&#8211; 05 49 84 38 69<\/p>\n<p><img loading=\"lazy\" decoding=\"async\" class=\"size-full wp-image-333 alignright\" src=\"http:\/\/abbatia.eu\/wp-content\/uploads\/2016\/10\/logo_saintsavin.png\" alt=\"logo_saintsavin\" width=\"191\" height=\"166\" \/><\/p>\n","protected":false},"excerpt":{"rendered":"<p>Vienne HISTORIQUE Un ensemble exceptionnel\u00a0: \u00ab\u00a0la sixtine de l\u2019\u00e9poque romane\u00a0\u00bb (Andr\u00e9 Malraux) [&hellip;]<\/p>\n","protected":false},"author":1,"featured_media":0,"parent":0,"menu_order":0,"comment_status":"closed","ping_status":"closed","template":"","meta":{"footnotes":""},"class_list":["post-62","page","type-page","status-publish","hentry"],"_links":{"self":[{"href":"http:\/\/abbatia.eu\/index.php\/wp-json\/wp\/v2\/pages\/62","targetHints":{"allow":["GET"]}}],"collection":[{"href":"http:\/\/abbatia.eu\/index.php\/wp-json\/wp\/v2\/pages"}],"about":[{"href":"http:\/\/abbatia.eu\/index.php\/wp-json\/wp\/v2\/types\/page"}],"author":[{"embeddable":true,"href":"http:\/\/abbatia.eu\/index.php\/wp-json\/wp\/v2\/users\/1"}],"replies":[{"embeddable":true,"href":"http:\/\/abbatia.eu\/index.php\/wp-json\/wp\/v2\/comments?post=62"}],"version-history":[{"count":13,"href":"http:\/\/abbatia.eu\/index.php\/wp-json\/wp\/v2\/pages\/62\/revisions"}],"predecessor-version":[{"id":1812,"href":"http:\/\/abbatia.eu\/index.php\/wp-json\/wp\/v2\/pages\/62\/revisions\/1812"}],"wp:attachment":[{"href":"http:\/\/abbatia.eu\/index.php\/wp-json\/wp\/v2\/media?parent=62"}],"curies":[{"name":"wp","href":"https:\/\/api.w.org\/{rel}","templated":true}]}}