{"id":71,"date":"2016-10-12T10:30:25","date_gmt":"2016-10-12T08:30:25","guid":{"rendered":"http:\/\/abbatia.eu\/?page_id=71"},"modified":"2022-04-27T12:55:55","modified_gmt":"2022-04-27T10:55:55","slug":"abbaye-de-fontdouce","status":"publish","type":"page","link":"http:\/\/abbatia.eu\/index.php\/abbaye-de-fontdouce\/","title":{"rendered":"Abbaye de Fontdouce"},"content":{"rendered":"<p>Charente-Maritime<\/p>\n<figure id=\"attachment_150\" aria-describedby=\"caption-attachment-150\" style=\"width: 592px\" class=\"wp-caption aligncenter\"><img loading=\"lazy\" decoding=\"async\" class=\"wp-image-150 \" src=\"http:\/\/abbatia.eu\/wp-content\/uploads\/2016\/10\/Abbaye-sept-2015-300-dpi-15x10cm-1024x682.jpg\" alt=\"abbaye-sept-2015-300-dpi-15x10cm\" width=\"592\" height=\"394\" srcset=\"http:\/\/abbatia.eu\/wp-content\/uploads\/2016\/10\/Abbaye-sept-2015-300-dpi-15x10cm-1024x682.jpg 1024w, http:\/\/abbatia.eu\/wp-content\/uploads\/2016\/10\/Abbaye-sept-2015-300-dpi-15x10cm-300x200.jpg 300w, http:\/\/abbatia.eu\/wp-content\/uploads\/2016\/10\/Abbaye-sept-2015-300-dpi-15x10cm-768x512.jpg 768w, http:\/\/abbatia.eu\/wp-content\/uploads\/2016\/10\/Abbaye-sept-2015-300-dpi-15x10cm-830x553.jpg 830w, http:\/\/abbatia.eu\/wp-content\/uploads\/2016\/10\/Abbaye-sept-2015-300-dpi-15x10cm-230x153.jpg 230w, http:\/\/abbatia.eu\/wp-content\/uploads\/2016\/10\/Abbaye-sept-2015-300-dpi-15x10cm-350x233.jpg 350w, http:\/\/abbatia.eu\/wp-content\/uploads\/2016\/10\/Abbaye-sept-2015-300-dpi-15x10cm-480x320.jpg 480w, http:\/\/abbatia.eu\/wp-content\/uploads\/2016\/10\/Abbaye-sept-2015-300-dpi-15x10cm.jpg 1772w\" sizes=\"auto, (max-width: 592px) 100vw, 592px\" \/><figcaption id=\"caption-attachment-150\" class=\"wp-caption-text\">\u00a9 Fontdouce<\/figcaption><\/figure>\n<h5 style=\"text-align: center;\"><span style=\"color: #ff00a2;\"><strong>HISTORIQUE<\/strong><\/span><\/h5>\n<div class=\"page\" title=\"Page 3\">\n<div class=\"layoutArea\">\n<div class=\"column\">\n<p style=\"text-align: justify;\">Situ\u00e9e entre Saintes et Cognac, <strong>l\u2019Abbaye de Fontdouce<\/strong> est fond\u00e9e en 1111 avec l\u2019\u00e9dification d\u2019un premier monast\u00e8re de style roman. Au XIII\u00e8me si\u00e8cle, un deuxi\u00e8me ensemble monastique est construit, accol\u00e9 au premier, comprenant une imposante \u00e9glise abbatiale et une magnifique salle capitulaire. L\u2019Abbaye conna\u00eet alors son apog\u00e9e : elle poss\u00e8de des prieur\u00e9s en Vend\u00e9e et \u00e0 Pons, des salines sur la c\u00f4te et des terres dans un rayon de cent kilom\u00e8tres.<\/p>\n<div class=\"page\" title=\"Page 3\">\n<div class=\"layoutArea\">\n<div class=\"column\">\n<p style=\"text-align: justify;\">Les Guerres de religion marquent le d\u00e9but de la d\u00e9cadence et l\u2019Abbaye est vendue \u00e0 la R\u00e9volution Fran\u00e7aise pour servir de propri\u00e9t\u00e9 agricole. Dans les ann\u00e9es 1820, Fontdouce entre dans la famille des propri\u00e9taires actuels qui, depuis quarante ans, s\u2019efforcent de la restaurer et d\u2019entretenir ce patrimoine familial. L\u2019Abbaye de Fontdouce est enti\u00e8rement class\u00e9e Monument Historique en 1986.<\/p>\n<div class=\"page\" title=\"Page 3\">\n<div class=\"layoutArea\">\n<div class=\"column\">\n<p style=\"text-align: justify;\">Aujourd\u2019hui, elle demeure une propri\u00e9t\u00e9 priv\u00e9e, ouverte au public et tourn\u00e9e vers des activit\u00e9s culturelles, touristiques et ludiques avec la construction en 2013 d\u2019un parc accrobranche. Avec plus de 25 000 personnes venues sur le site en 2015 pour profiter des diff\u00e9rentes activit\u00e9s, Fontdouce se r\u00e9v\u00e8le \u00eatre l\u2019un des principaux acteurs du tourisme en Saintonge Romane.<\/p>\n<figure id=\"attachment_45\" aria-describedby=\"caption-attachment-45\" style=\"width: 719px\" class=\"wp-caption aligncenter\"><img loading=\"lazy\" decoding=\"async\" class=\"wp-image-45 \" src=\"http:\/\/abbatia.eu\/wp-content\/uploads\/2016\/10\/Abbaye-de-Fontdouce-Salle-capitulaire-300-dpi-\ufffd-Abbaye-de-Fontdouce-1024x577.jpg\" alt=\"abbaye-de-fontdouce-salle-capitulaire-300-dpi-%ef%bf%bd-abbaye-de-fontdouce\" width=\"719\" height=\"405\" srcset=\"http:\/\/abbatia.eu\/wp-content\/uploads\/2016\/10\/Abbaye-de-Fontdouce-Salle-capitulaire-300-dpi-\ufffd-Abbaye-de-Fontdouce-1024x577.jpg 1024w, http:\/\/abbatia.eu\/wp-content\/uploads\/2016\/10\/Abbaye-de-Fontdouce-Salle-capitulaire-300-dpi-\ufffd-Abbaye-de-Fontdouce-300x169.jpg 300w, http:\/\/abbatia.eu\/wp-content\/uploads\/2016\/10\/Abbaye-de-Fontdouce-Salle-capitulaire-300-dpi-\ufffd-Abbaye-de-Fontdouce-768x433.jpg 768w, http:\/\/abbatia.eu\/wp-content\/uploads\/2016\/10\/Abbaye-de-Fontdouce-Salle-capitulaire-300-dpi-\ufffd-Abbaye-de-Fontdouce-830x468.jpg 830w, http:\/\/abbatia.eu\/wp-content\/uploads\/2016\/10\/Abbaye-de-Fontdouce-Salle-capitulaire-300-dpi-\ufffd-Abbaye-de-Fontdouce-230x130.jpg 230w, http:\/\/abbatia.eu\/wp-content\/uploads\/2016\/10\/Abbaye-de-Fontdouce-Salle-capitulaire-300-dpi-\ufffd-Abbaye-de-Fontdouce-350x197.jpg 350w, http:\/\/abbatia.eu\/wp-content\/uploads\/2016\/10\/Abbaye-de-Fontdouce-Salle-capitulaire-300-dpi-\ufffd-Abbaye-de-Fontdouce-480x271.jpg 480w\" sizes=\"auto, (max-width: 719px) 100vw, 719px\" \/><figcaption id=\"caption-attachment-45\" class=\"wp-caption-text\">\u00a9 Fontdouce<\/figcaption><\/figure>\n<h5 style=\"text-align: center;\"><span style=\"color: #ff00a2;\"><strong>VISITE &#8211; D\u00c9COUVERTE\u00a0<\/strong><\/span><\/h5>\n<div class=\"page\" title=\"Page 5\">\n<div class=\"layoutArea\">\n<div class=\"column\">\n<ul>\n<li><strong>Un cadre unique pour les r\u00e9ceptions :<\/strong><\/li>\n<\/ul>\n<p style=\"text-align: justify;\"><span style=\"color: #fa0a8a;\">Un lieu retir\u00e9<\/span> : Au sein d\u2019un vallon, \u00e0 l\u2019abri des regards, l\u2019Abbaye de Fontdouce r\u00e9v\u00e8le un lieu calme, reposant et prot\u00e9g\u00e9. De la source de la Fontdouce \u00e0 celle de la Fontmonsieur, tout un parcours permet de profiter seul ou en famille de moments privil\u00e9gi\u00e9s.<\/p>\n<p style=\"text-align: justify;\"><span style=\"color: #fa0a8a;\">Un site architectural unique dans la r\u00e9gion<\/span> : L\u2019Abbaye de Fontdouce se caract\u00e9rise aussi par la beaut\u00e9 de ses salles avec le caract\u00e8re intimiste de la chapelle haute de style roman, la grandeur du gothique de la salle capitulaire, l\u2019une des plus grandes de France, et la majest\u00e9 de la salle des moines qui peut accueillir jusqu\u2019\u00e0 plus de 400 personnes. De quoi organiser des soir\u00e9es inoubliables !<\/p>\n<div class=\"page\" title=\"Page 6\">\n<div class=\"layoutArea\">\n<div class=\"column\" style=\"text-align: justify;\">\n<ul>\n<li><strong>Un site pour le jeune public :<\/strong><\/li>\n<\/ul>\n<\/div>\n<div class=\"page\" title=\"Page 6\">\n<div class=\"layoutArea\">\n<div class=\"column\">\n<p style=\"text-align: justify;\"><span style=\"color: #fa0a8a;\">Des jeux et des \u00e9nigmes<\/span><\/p>\n<div class=\"page\" title=\"Page 6\">\n<div class=\"layoutArea\">\n<div class=\"column\">\n<p style=\"text-align: justify;\"><span style=\"color: #fa0a8a;\">Des ateliers<\/span><\/p>\n<div class=\"page\" title=\"Page 6\">\n<div class=\"layoutArea\">\n<div class=\"column\">\n<p style=\"text-align: justify;\"><span style=\"color: #fa0a8a;\">Le parc accrobranche<\/span><\/p>\n<div class=\"page\" title=\"Page 7\">\n<div class=\"layoutArea\">\n<div class=\"column\">\n<ul style=\"text-align: justify;\">\n<li><strong>Un festival de musique :<\/strong><\/li>\n<\/ul>\n<div class=\"page\" title=\"Page 7\">\n<div class=\"layoutArea\">\n<div class=\"column\">\n<p style=\"text-align: justify;\"><span style=\"color: #fa0a8a;\">La musique<\/span> comme r\u00e9v\u00e9lateur de la beaut\u00e9 du lieu, voici le pari lanc\u00e9 en 1994, date de fondation du festival. La manifestation s\u2019efforce de toucher un public diversi \u00e9 en programmant sur cinq jours des concerts de musique classique, de jazz et de musique du monde.<\/p>\n<div class=\"page\" title=\"Page 7\">\n<div class=\"layoutArea\">\n<div class=\"column\">\n<p style=\"text-align: justify;\"><span style=\"color: #fa0a8a;\">La diversit\u00e9<\/span> des concerts permet de mettre sur le devant de la sc\u00e8ne les diff\u00e9rentes facettes du monument : intimit\u00e9 de l\u2019enclos abbatial, splendeur gothique de la salle capitulaire et de la nouvelle salle des moines, pr\u00e9 et jardins fleuris&#8230;<\/p>\n<p style=\"text-align: justify;\">Depuis les ann\u00e9es 90 et les premiers concerts organis\u00e9s par la famille propri\u00e9taire de l\u2019abbaye, le festival a consid\u00e9rablement \u00e9volu\u00e9 : d\u2019une trentaine de personnes \u00e0 ses d\u00e9buts, l\u2019auditoire ne va pas tarder \u00e0 s\u2019\u00e9toffer. M\u00e9lomanes, amateurs, touristes ou viticulteurs voisins, le public adh\u00e8re \u00e0 l\u2019\u00e9v\u00e8nement. Vingt ans plus tard, avec plus de 3 900 spectateurs accueillis en 2015 (toutes entr\u00e9es confondues), le Festival de Fontdouce rayonne d\u00e9sormais sur un plan r\u00e9gional.<\/p>\n<hr \/>\n<div class=\"page\" title=\"Page 8\">\n<div class=\"layoutArea\">\n<div class=\"column\">\n<p><strong><em>Avril-mai-juin<\/em><\/strong> : tous les jours de 10h30 \u00e0 18h30 et le samedi de 10h30 \u00e0 17h.<\/p>\n<p><strong><em>Juillet-ao\u00fbt<\/em> :<\/strong> tous les jours de 10h \u00e0 19h et le samedi de 10h \u00e0 17h.<\/p>\n<p><strong><em>Septembre-octobre<\/em> :<\/strong> tous les jours de 10h30 \u00e0 18h30 et le samedi de 10h30 \u00e0 17h.<\/p>\n<p><strong>Retrouvez toutes les actualit\u00e9s de l\u2019Abbaye de Fontdouce sur le site internet en<span style=\"color: #fa0a8a;\">\u00a0<a style=\"color: #fa0a8a;\" href=\"http:\/\/www.fontdouce.com\" target=\"_blank\" rel=\"noopener noreferrer\">cliquant ici<\/a>.\u00a0<\/span><\/strong><\/p>\n<hr \/>\n<p style=\"text-align: right;\"><strong><span style=\"color: #ff00a2;\">Plus d&rsquo;informations :<\/span><\/strong><\/p>\n<p style=\"text-align: right;\"><a href=\"http:\/\/abbatia.eu\/index.php\/locations\/abbaye-de-fontdouce\/\">Abbaye de Fontdouce<\/a><\/p>\n<p style=\"text-align: right;\">tel.\u00a0: 05 46 74 77 08<\/p>\n<div class=\"page\" title=\"Page 8\">\n<div class=\"layoutArea\">\n<div class=\"column\">\n<p style=\"text-align: right;\"><a href=\"mailto:contact@fontdouce.com\" target=\"_blank\" rel=\"noopener noreferrer\">contact@fontdouce.com<\/a><\/p>\n<p style=\"text-align: right;\"><img loading=\"lazy\" decoding=\"async\" class=\"alignnone size-medium wp-image-249\" src=\"http:\/\/abbatia.eu\/wp-content\/uploads\/2016\/10\/Logo-Fondouce-300x64.jpg\" alt=\"logo-fondouce\" width=\"300\" height=\"64\" srcset=\"http:\/\/abbatia.eu\/wp-content\/uploads\/2016\/10\/Logo-Fondouce-300x64.jpg 300w, http:\/\/abbatia.eu\/wp-content\/uploads\/2016\/10\/Logo-Fondouce-230x49.jpg 230w, http:\/\/abbatia.eu\/wp-content\/uploads\/2016\/10\/Logo-Fondouce-350x74.jpg 350w, http:\/\/abbatia.eu\/wp-content\/uploads\/2016\/10\/Logo-Fondouce-480x102.jpg 480w, http:\/\/abbatia.eu\/wp-content\/uploads\/2016\/10\/Logo-Fondouce.jpg 500w\" sizes=\"auto, (max-width: 300px) 100vw, 300px\" \/><\/p>\n<\/div>\n<\/div>\n<\/div>\n<\/div>\n<\/div>\n<\/div>\n<\/div>\n<\/div>\n<\/div>\n<\/div>\n<\/div>\n<\/div>\n<\/div>\n<\/div>\n<\/div>\n<\/div>\n<\/div>\n<\/div>\n<\/div>\n<\/div>\n<\/div>\n<\/div>\n<\/div>\n<\/div>\n<\/div>\n<\/div>\n<\/div>\n<\/div>\n<\/div>\n<\/div>\n<\/div>\n<\/div>\n<\/div>\n<\/div>\n<\/div>\n<\/div>\n<\/div>\n<\/div>\n","protected":false},"excerpt":{"rendered":"<p>Charente-Maritime HISTORIQUE Situ\u00e9e entre Saintes et Cognac, l\u2019Abbaye de Fontdouce est fond\u00e9e [&hellip;]<\/p>\n","protected":false},"author":1,"featured_media":0,"parent":0,"menu_order":0,"comment_status":"closed","ping_status":"closed","template":"","meta":{"footnotes":""},"class_list":["post-71","page","type-page","status-publish","hentry"],"_links":{"self":[{"href":"http:\/\/abbatia.eu\/index.php\/wp-json\/wp\/v2\/pages\/71","targetHints":{"allow":["GET"]}}],"collection":[{"href":"http:\/\/abbatia.eu\/index.php\/wp-json\/wp\/v2\/pages"}],"about":[{"href":"http:\/\/abbatia.eu\/index.php\/wp-json\/wp\/v2\/types\/page"}],"author":[{"embeddable":true,"href":"http:\/\/abbatia.eu\/index.php\/wp-json\/wp\/v2\/users\/1"}],"replies":[{"embeddable":true,"href":"http:\/\/abbatia.eu\/index.php\/wp-json\/wp\/v2\/comments?post=71"}],"version-history":[{"count":19,"href":"http:\/\/abbatia.eu\/index.php\/wp-json\/wp\/v2\/pages\/71\/revisions"}],"predecessor-version":[{"id":1420,"href":"http:\/\/abbatia.eu\/index.php\/wp-json\/wp\/v2\/pages\/71\/revisions\/1420"}],"wp:attachment":[{"href":"http:\/\/abbatia.eu\/index.php\/wp-json\/wp\/v2\/media?parent=71"}],"curies":[{"name":"wp","href":"https:\/\/api.w.org\/{rel}","templated":true}]}}