{"id":80,"date":"2016-10-12T10:31:07","date_gmt":"2016-10-12T08:31:07","guid":{"rendered":"http:\/\/abbatia.eu\/?page_id=80"},"modified":"2022-05-04T12:09:32","modified_gmt":"2022-05-04T10:09:32","slug":"abbaye-de-saint-amant-de-boixe","status":"publish","type":"page","link":"http:\/\/abbatia.eu\/index.php\/abbaye-de-saint-amant-de-boixe\/","title":{"rendered":"Abbaye de Saint-Amant-de-Boixe :         Espace d&rsquo;Architecture romane"},"content":{"rendered":"\n<p><\/p>\n\n\n<p>Charente<\/p>\n<p><img loading=\"lazy\" decoding=\"async\" class=\"aligncenter wp-image-254 \" src=\"http:\/\/abbatia.eu\/wp-content\/uploads\/2016\/11\/DSC02791-1024x768.jpg\" alt=\"dsc02791\" width=\"636\" height=\"477\" srcset=\"http:\/\/abbatia.eu\/wp-content\/uploads\/2016\/11\/DSC02791-1024x768.jpg 1024w, http:\/\/abbatia.eu\/wp-content\/uploads\/2016\/11\/DSC02791-300x225.jpg 300w, http:\/\/abbatia.eu\/wp-content\/uploads\/2016\/11\/DSC02791-768x576.jpg 768w, http:\/\/abbatia.eu\/wp-content\/uploads\/2016\/11\/DSC02791-830x623.jpg 830w, http:\/\/abbatia.eu\/wp-content\/uploads\/2016\/11\/DSC02791-230x173.jpg 230w, http:\/\/abbatia.eu\/wp-content\/uploads\/2016\/11\/DSC02791-350x263.jpg 350w, http:\/\/abbatia.eu\/wp-content\/uploads\/2016\/11\/DSC02791-480x360.jpg 480w\" sizes=\"auto, (max-width: 636px) 100vw, 636px\" \/><\/p>\n<p style=\"text-align: center;\">\u00a9 A.Vignet, Commune de Saint-Amant-de-Boixe<\/p>\n<h5 style=\"text-align: center;\"><span style=\"color: #ff0099;\"><strong>HISTORIQUE<\/strong><\/span><\/h5>\n<p style=\"text-align: justify;\">Blottie entre le fleuve Charente et la for\u00eat de la Boixe, l\u2019abbaye veille depuis plus de mille ans sur la r\u00e9gion du nord Angoumois. La premi\u00e8re mention d\u2019une communaut\u00e9 de moines date de 888. L\u2019abbaye est refond\u00e9e vers 1020 par le comte d\u2019Angoul\u00eame. L\u2019\u00e9glise est reconstruite moins d\u2019un si\u00e8cle apr\u00e8s. Elle constitue un t\u00e9moignage incontournable de l\u2019art roman et de son \u00e9volution dans l\u2019Angoumois.<\/p>\n<p style=\"text-align: justify;\">Au XIII<sup>e<\/sup> si\u00e8cle, un vaste incendie ravage le site. Le chantier de reconstruction, qui concerne essentiellement le clo\u00eetre et le ch\u0153ur, n\u2019est achev\u00e9 qu\u2019au XVI<sup>e<\/sup> si\u00e8cle ! La guerre de Cent Ans et ses tourments en sont la cause. Comme beaucoup d\u2019abbayes, Saint-Amant ne se rel\u00e8ve pas de cet \u00e9v\u00e9nement, ni du r\u00e9gime de la commende et des malheurs des guerres de Religion. \u00c1 la veille de la R\u00e9volution, il ne reste alors plus qu\u2019un seul moine r\u00e9sidant.<\/p>\n<p style=\"text-align: justify;\">Class\u00e9e Monument Historique d\u00e8s 1840, l\u2019abbaye a b\u00e9n\u00e9fici\u00e9 d&rsquo;un important programme de r\u00e9habilitation. En 1973, la commune rach\u00e8te le site monastique et y cr\u00e9e en 2008 un centre d\u2019interpr\u00e9tation de l\u2019Architecture Romane. De nos jours, l\u2019\u00e9glise abbatiale se m\u00e9tamorphose sous la direction de Philippe Villeneuve, architecte en chef charg\u00e9 de la restauration de Notre-Dame de Paris<\/p>\n<p style=\"text-align: justify;\"><img loading=\"lazy\" decoding=\"async\" class=\"aligncenter wp-image-256 \" src=\"http:\/\/abbatia.eu\/wp-content\/uploads\/2016\/10\/DSC04785-1024x768.jpg\" alt=\"dsc04785\" width=\"568\" height=\"426\" srcset=\"http:\/\/abbatia.eu\/wp-content\/uploads\/2016\/10\/DSC04785-1024x768.jpg 1024w, http:\/\/abbatia.eu\/wp-content\/uploads\/2016\/10\/DSC04785-300x225.jpg 300w, http:\/\/abbatia.eu\/wp-content\/uploads\/2016\/10\/DSC04785-768x576.jpg 768w, http:\/\/abbatia.eu\/wp-content\/uploads\/2016\/10\/DSC04785-830x623.jpg 830w, http:\/\/abbatia.eu\/wp-content\/uploads\/2016\/10\/DSC04785-230x173.jpg 230w, http:\/\/abbatia.eu\/wp-content\/uploads\/2016\/10\/DSC04785-350x263.jpg 350w, http:\/\/abbatia.eu\/wp-content\/uploads\/2016\/10\/DSC04785-480x360.jpg 480w\" sizes=\"auto, (max-width: 568px) 100vw, 568px\" \/><\/p>\n<p style=\"text-align: center;\">\u00a9 A.Vignet, Commune de Saint-Amant de Boixe<\/p>\n<h5 style=\"text-align: center;\"><span style=\"color: #ff0099;\"><strong>VISITE &#8211; D\u00c9COUVERTE\u00a0<\/strong><\/span><\/h5>\n<p style=\"text-align: justify;\"><span style=\"color: #fa0a8a;\">L\u2019abbaye de Saint-Amant-de-Boixe<\/span> est un \u00e9l\u00e9ment incontournable de la vie culturelle, patrimoniale, touristique et \u00e9conomique du Nord Angoumois avec un espace mus\u00e9ographique consacr\u00e9 \u00e0 l\u2019architecture romane.<\/p>\n<p style=\"text-align: justify;\">\u00c0 travers un <span style=\"color: #fa0a8a;\">parcours ludique et interactif<\/span>, avec maquettes, bornes, illustrations, et pr\u00e9sentation d&rsquo;objets arch\u00e9ologiques, le visiteur est immerg\u00e9 au c\u0153ur de la vie des moines et des b\u00e2tisseurs romans : une occasion de s\u2019initier \u00e0 la beaut\u00e9 et \u00e0 l\u2019audace de l\u2019architecture romane, de changer de regard sur cet art de construire si singulier.<\/p>\n<p style=\"text-align: justify;\">L\u2019abbaye c\u2019est aussi une <span style=\"color: #fa0a8a;\">boutique-librairie<\/span>, des <span style=\"color: #fa0a8a;\">espaces \u00e0 louer<\/span> (auditorium, cellier, clo\u00eetre), un <span style=\"color: #fa0a8a;\">orgue Renaissance unique<\/span> en France et une <span style=\"color: #fa0a8a;\">halte jacquaire<\/span>.<\/p>\n<p style=\"text-align: justify;\">Tout au long de l\u2019ann\u00e9e, l\u2019abbaye accueille un grande nombre de <span style=\"color: #fa0a8a;\">manifestations culturelles<\/span> (visites guid\u00e9es, th\u00e9matiques, rencontres des m\u00e9tiers d\u2019art, expositions, colloques, concerts,\u2026) mais aussi scolaires.<\/p>\n<hr \/>\n<p><span style=\"color: #ff00a2;\"><strong>Juin \u00e0 ao\u00fbt:<\/strong><\/span> tous les jours, de 10h \u00e0 12h30 et de 14h \u00e0 18h30.<\/p>\n<p><strong><span style=\"color: #ff00a2;\">Septembre \u00e0 mai:<\/span><\/strong> du mardi au vendredi de 10h \u00e0 12h et de 14h \u00e0 17h30.\u00a0 \u00a0 \u00a0 \u00a0 \u00a0 \u00a0 \u00a0 \u00a0 \u00a0 \u00a0 \u00a0 \u00a0 \u00a0 \u00a0 \u00a0 \u00a0 \u00a0 \u00a0 \u00a0 \u00a0 \u00a0 \u00a0 \u00a0 \u00a0 \u00a0 \u00a0 \u00a0 \u00a0 \u00a0 \u00a0 \u00a0 \u00a0 \u00a0 Du samedi au lundi, et jours f\u00e9ri\u00e9s, de 14h \u00e0 17h30.<\/p>\n<p><span style=\"color: #ff00a2;\">Fermeture du 24 d\u00e9cembre au 3e dimanche de janvier. En dehors des horaires d\u2019ouverture,<\/span> accueil et visites sur rendez-vous.<\/p>\n<p><strong>Retrouvez toutes les actualit\u00e9s de l\u2019Abbaye de Saint-Amant de Boixe sur le site internet en <a href=\"https:\/\/abbayesaintamantdeboixe.fr\"><span style=\"color: #ff00a2;\">cliquant ici.<\/span><\/a><\/strong><\/p>\n<p>\u00a0<\/p>\n<hr \/>\n<p style=\"text-align: right;\"><span style=\"color: #ff00a2;\"><strong><u>Plus d&rsquo;informations:<\/u><\/strong><\/span><\/p>\n<p style=\"text-align: right;\"><a href=\"https:\/\/abbayesaintamantdeboixe.fr\">https:\/\/abbayesaintamantdeboixe.fr<\/a><\/p>\n<p style=\"text-align: right;\"><strong><span style=\"color: #ff00a2;\">Abbaye de Saint-Amant-de-Boixe<\/span><\/strong><\/p>\n<p style=\"text-align: right;\">tel:+ 33 (0)5 45 94 24 27<\/p>\n<p style=\"text-align: right;\"><span style=\"color: #ff00a2;\">abbaye@saintamantdeboixe.fr<\/span><\/p>\n<div class=\"_linksLayer_1mqhw_37\">\u00a0<\/div>\n<p style=\"text-align: right;\"><a href=\"http:\/\/abbatia.eu\/wp-content\/uploads\/2022\/05\/Logo-SABx.jpg\"><img loading=\"lazy\" decoding=\"async\" class=\"alignnone  wp-image-1446\" src=\"http:\/\/abbatia.eu\/wp-content\/uploads\/2022\/05\/Logo-SABx.jpg\" alt=\"\" width=\"178\" height=\"192\" srcset=\"http:\/\/abbatia.eu\/wp-content\/uploads\/2022\/05\/Logo-SABx.jpg 462w, http:\/\/abbatia.eu\/wp-content\/uploads\/2022\/05\/Logo-SABx-277x300.jpg 277w, http:\/\/abbatia.eu\/wp-content\/uploads\/2022\/05\/Logo-SABx-230x249.jpg 230w, http:\/\/abbatia.eu\/wp-content\/uploads\/2022\/05\/Logo-SABx-350x379.jpg 350w\" sizes=\"auto, (max-width: 178px) 100vw, 178px\" \/><\/a><\/p>\n\n\n<p><\/p>\n","protected":false},"excerpt":{"rendered":"<p>Charente \u00a9 A.Vignet, Commune de Saint-Amant-de-Boixe HISTORIQUE Blottie entre le fleuve Charente [&hellip;]<\/p>\n","protected":false},"author":1,"featured_media":0,"parent":0,"menu_order":0,"comment_status":"closed","ping_status":"closed","template":"","meta":{"footnotes":""},"class_list":["post-80","page","type-page","status-publish","hentry"],"_links":{"self":[{"href":"http:\/\/abbatia.eu\/index.php\/wp-json\/wp\/v2\/pages\/80","targetHints":{"allow":["GET"]}}],"collection":[{"href":"http:\/\/abbatia.eu\/index.php\/wp-json\/wp\/v2\/pages"}],"about":[{"href":"http:\/\/abbatia.eu\/index.php\/wp-json\/wp\/v2\/types\/page"}],"author":[{"embeddable":true,"href":"http:\/\/abbatia.eu\/index.php\/wp-json\/wp\/v2\/users\/1"}],"replies":[{"embeddable":true,"href":"http:\/\/abbatia.eu\/index.php\/wp-json\/wp\/v2\/comments?post=80"}],"version-history":[{"count":19,"href":"http:\/\/abbatia.eu\/index.php\/wp-json\/wp\/v2\/pages\/80\/revisions"}],"predecessor-version":[{"id":1452,"href":"http:\/\/abbatia.eu\/index.php\/wp-json\/wp\/v2\/pages\/80\/revisions\/1452"}],"wp:attachment":[{"href":"http:\/\/abbatia.eu\/index.php\/wp-json\/wp\/v2\/media?parent=80"}],"curies":[{"name":"wp","href":"https:\/\/api.w.org\/{rel}","templated":true}]}}