{"id":83,"date":"2016-10-12T10:31:29","date_gmt":"2016-10-12T08:31:29","guid":{"rendered":"http:\/\/abbatia.eu\/?page_id=83"},"modified":"2022-04-27T12:56:54","modified_gmt":"2022-04-27T10:56:54","slug":"abbaye-de-lesterps","status":"publish","type":"page","link":"http:\/\/abbatia.eu\/index.php\/abbaye-de-lesterps\/","title":{"rendered":"Abbaye de Lesterps"},"content":{"rendered":"<p>Charente<\/p>\n<figure id=\"attachment_488\" aria-describedby=\"caption-attachment-488\" style=\"width: 506px\" class=\"wp-caption aligncenter\"><img loading=\"lazy\" decoding=\"async\" class=\"wp-image-488 \" src=\"http:\/\/abbatia.eu\/wp-content\/uploads\/2016\/10\/clocher-et-verdure-001-746x1024.jpg\" width=\"506\" height=\"695\" srcset=\"http:\/\/abbatia.eu\/wp-content\/uploads\/2016\/10\/clocher-et-verdure-001-746x1024.jpg 746w, http:\/\/abbatia.eu\/wp-content\/uploads\/2016\/10\/clocher-et-verdure-001-219x300.jpg 219w, http:\/\/abbatia.eu\/wp-content\/uploads\/2016\/10\/clocher-et-verdure-001-768x1054.jpg 768w, http:\/\/abbatia.eu\/wp-content\/uploads\/2016\/10\/clocher-et-verdure-001-830x1139.jpg 830w, http:\/\/abbatia.eu\/wp-content\/uploads\/2016\/10\/clocher-et-verdure-001-230x316.jpg 230w, http:\/\/abbatia.eu\/wp-content\/uploads\/2016\/10\/clocher-et-verdure-001-350x480.jpg 350w, http:\/\/abbatia.eu\/wp-content\/uploads\/2016\/10\/clocher-et-verdure-001-480x659.jpg 480w, http:\/\/abbatia.eu\/wp-content\/uploads\/2016\/10\/clocher-et-verdure-001.jpg 1175w\" sizes=\"auto, (max-width: 506px) 100vw, 506px\" \/><figcaption id=\"caption-attachment-488\" class=\"wp-caption-text\">\u00a9 mairie de Lesterps<\/figcaption><\/figure>\n<h5 style=\"text-align: center;\"><span style=\"color: #ff0099;\"><strong>HISTORIQUE<\/strong><\/span><\/h5>\n<p style=\"text-align: justify;\">L&rsquo;abbaye de chanoines r\u00e9guliers de Lesterps est fond\u00e9e \u00e0 la fin du X<sup>e<\/sup> si\u00e8cle.<\/p>\n<p style=\"text-align: justify;\">Le premier abb\u00e9 connu est saint Gautier d\u00e9c\u00e9d\u00e9 en 1070 et c&rsquo;est sous l&rsquo;impulsion d&rsquo;un autre abb\u00e9 Ramnulfe que la grande \u00e9glise de plus de 80 m de longueur est construite.<\/p>\n<p style=\"text-align: justify;\">Les donations affluent et les nombreuses possessions de l&rsquo;abbaye s&rsquo;\u00e9tendent alors sur sept \u00e9v\u00each\u00e9s.<\/p>\n<p style=\"text-align: justify;\">Pendant les guerres de cent ans l&rsquo;abbaye est assi\u00e9g\u00e9e sans d\u00e9g\u00e2ts par le Prince Noir mais, pendant les guerres de religion, elle est compl\u00e8tement d\u00e9truite en 1568 lors du passage des huguenots.<\/p>\n<p style=\"text-align: justify;\">Elle reste en ruine un si\u00e8cle et n&rsquo;est relev\u00e9e qu&rsquo;au milieu du 17<sup>e<\/sup> si\u00e8cle. Elle re\u00e7oit alors les chanoines r\u00e9guliers de la congr\u00e9gation de France, appel\u00e9s \u00ab\u00a0g\u00e9nov\u00e9fains\u00a0\u00bb du nom de l&rsquo;abbaye chef de l&rsquo;ordre, Sainte-Genevi\u00e8ve de Paris, c&rsquo;est de cette \u00e9poque que date la gravure qui la repr\u00e9sente.<\/p>\n<p style=\"text-align: justify;\">A la R\u00e9volution une partie des b\u00e2timents est adjug\u00e9e \u00e0 des particuliers et le reste devient propri\u00e9t\u00e9 de la commune.<\/p>\n<p style=\"text-align: justify;\">Faute d&rsquo;entretien, le transept et le chevet de l&rsquo;\u00e9glise s&rsquo;effondrent en 1815 et une partie des b\u00e2timents conventuels sont d\u00e9molis au d\u00e9but du 20<sup>e<\/sup> si\u00e8cle.<\/p>\n<figure id=\"attachment_489\" aria-describedby=\"caption-attachment-489\" style=\"width: 412px\" class=\"wp-caption aligncenter\"><img loading=\"lazy\" decoding=\"async\" class=\"wp-image-489 \" src=\"http:\/\/abbatia.eu\/wp-content\/uploads\/2016\/10\/Fa\u00e7ade-MdP-2015-694x1024.jpg\" width=\"412\" height=\"608\" srcset=\"http:\/\/abbatia.eu\/wp-content\/uploads\/2016\/10\/Fa\u00e7ade-MdP-2015-694x1024.jpg 694w, http:\/\/abbatia.eu\/wp-content\/uploads\/2016\/10\/Fa\u00e7ade-MdP-2015-203x300.jpg 203w, http:\/\/abbatia.eu\/wp-content\/uploads\/2016\/10\/Fa\u00e7ade-MdP-2015-768x1133.jpg 768w, http:\/\/abbatia.eu\/wp-content\/uploads\/2016\/10\/Fa\u00e7ade-MdP-2015-830x1224.jpg 830w, http:\/\/abbatia.eu\/wp-content\/uploads\/2016\/10\/Fa\u00e7ade-MdP-2015-230x339.jpg 230w, http:\/\/abbatia.eu\/wp-content\/uploads\/2016\/10\/Fa\u00e7ade-MdP-2015-350x516.jpg 350w, http:\/\/abbatia.eu\/wp-content\/uploads\/2016\/10\/Fa\u00e7ade-MdP-2015-480x708.jpg 480w\" sizes=\"auto, (max-width: 412px) 100vw, 412px\" \/><figcaption id=\"caption-attachment-489\" class=\"wp-caption-text\">\u00a9 mairie de Lesterps<\/figcaption><\/figure>\n<h5 style=\"text-align: center;\"><span style=\"color: #ff0099;\"><strong>VISITE &#8211; D\u00c9COUVERTE\u00a0<\/strong><\/span><\/h5>\n<p>De nos jours, il ne reste plus que le massif clocher porche en granit de plus de 40 m de hauteur et la nef \u00e0 trois trav\u00e9es termin\u00e9e par une abside semi-circulaire qui ne donnent qu&rsquo;une petite id\u00e9e de la majest\u00e9 de l&rsquo;ensemble \u00e0 la grande \u00e9poque de Lesterps.<\/p>\n<p><em><span style=\"color: #fa0a8a;\">Visite libre<\/span> de l&rsquo;\u00e9glise et des ext\u00e9rieurs des b\u00e2timents monastiques.<\/em><\/p>\n<p><span style=\"color: #fa0a8a;\"><b>La maison du <span style=\"color: #fa0a8a;\">patrimoine<\/span><\/b><\/span> pr\u00e9sente un historique de Lesterps et des maquettes du bourg et de l&rsquo;ancienne \u00e9glise abbatiale, elle abrite des expositions d&rsquo;art et un mus\u00e9e des automates.<\/p>\n<p><span style=\"color: #fa0a8a;\"><b>Visites gratuites en juillet et ao\u00fbt<\/b><\/span>, et les week-ends de septembre.<\/p>\n<p>Hors de ces dates, visite possible pour groupes sur rendez-vous.<\/p>\n<hr \/>\n<p style=\"text-align: right;\"><strong><span style=\"color: #ff0099;\">Plus d&rsquo;informations :<\/span><\/strong><\/p>\n<p style=\"text-align: right;\"><a href=\"http:\/\/abbatia.eu\/index.php\/locations\/abbaye-de-lesterps\/\">Abbaye de Lesterps<\/a><\/p>\n<p style=\"text-align: right;\">Mairie de Lesterps<\/p>\n<p style=\"text-align: right;\"><i>t\u00e9l. 05 45 71 02 92<\/i><\/p>\n","protected":false},"excerpt":{"rendered":"<p>Charente HISTORIQUE L&rsquo;abbaye de chanoines r\u00e9guliers de Lesterps est fond\u00e9e \u00e0 la [&hellip;]<\/p>\n","protected":false},"author":1,"featured_media":0,"parent":0,"menu_order":0,"comment_status":"closed","ping_status":"closed","template":"","meta":{"footnotes":""},"class_list":["post-83","page","type-page","status-publish","hentry"],"_links":{"self":[{"href":"http:\/\/abbatia.eu\/index.php\/wp-json\/wp\/v2\/pages\/83","targetHints":{"allow":["GET"]}}],"collection":[{"href":"http:\/\/abbatia.eu\/index.php\/wp-json\/wp\/v2\/pages"}],"about":[{"href":"http:\/\/abbatia.eu\/index.php\/wp-json\/wp\/v2\/types\/page"}],"author":[{"embeddable":true,"href":"http:\/\/abbatia.eu\/index.php\/wp-json\/wp\/v2\/users\/1"}],"replies":[{"embeddable":true,"href":"http:\/\/abbatia.eu\/index.php\/wp-json\/wp\/v2\/comments?post=83"}],"version-history":[{"count":9,"href":"http:\/\/abbatia.eu\/index.php\/wp-json\/wp\/v2\/pages\/83\/revisions"}],"predecessor-version":[{"id":1424,"href":"http:\/\/abbatia.eu\/index.php\/wp-json\/wp\/v2\/pages\/83\/revisions\/1424"}],"wp:attachment":[{"href":"http:\/\/abbatia.eu\/index.php\/wp-json\/wp\/v2\/media?parent=83"}],"curies":[{"name":"wp","href":"https:\/\/api.w.org\/{rel}","templated":true}]}}